{"id":983,"date":"2024-09-10T15:48:23","date_gmt":"2024-09-10T15:48:23","guid":{"rendered":"https:\/\/deposito.grupoboavistamg.com.br\/?post_type=product&#038;p=983"},"modified":"2024-09-10T15:55:39","modified_gmt":"2024-09-10T15:55:39","slug":"pigmento-em-po-verde-xadrez-250g-lanxess","status":"publish","type":"product","link":"https:\/\/deposito.grupoboavistamg.com.br\/?product=pigmento-em-po-verde-xadrez-250g-lanxess","title":{"rendered":"Pigmento Em P\u00f3 Verde Xadrez 250g Lanxess"},"content":{"rendered":"<p>O P\u00f3 Xadrez \u00e9 um pigmento \u00e0 base de \u00f3xido de ferro, ideal para colorir argamassa e concreto.<\/p>\n<p>Indica\u00e7\u00f5es de uso:<br \/>\nRecomendado para argamassas de revestimento de paredes, concretos para pisos e cal\u00e7adas, riscatto em textura acr\u00edlica, pintura com cal, cimento queimado, rejunte, al\u00e9m de artesanatos como p\u00e1tinas em madeiras e ceras pastosas.<\/p>\n<p>Rendimento:<br \/>\n1kg do produto pode ser utilizado para cada 50Kg de cimento, variando conforme a aplica\u00e7\u00e3o.<\/p>\n<p>Aplica\u00e7\u00e3o:<br \/>\nA mistura deve ser feita no material seco, incluindo pedra, areia e cimento, para assegurar a dispers\u00e3o e homogeneiza\u00e7\u00e3o do pigmento e evitar irregularidades de cor.<\/p>\n","protected":false},"excerpt":{"rendered":"<p>O P\u00f3 Xadrez \u00e9 um pigmento \u00e0 base de \u00f3xido de ferro, ideal para colorir argamassa e concreto. Indica\u00e7\u00f5es de&hellip;<\/p>\n","protected":false},"featured_media":984,"template":"","meta":[],"product_cat":[15,44],"product_tag":[],"class_list":{"0":"post-983","1":"product","2":"type-product","3":"status-publish","4":"has-post-thumbnail","6":"product_cat-sem-categoria","7":"product_cat-pigmento","9":"first","10":"instock","11":"shipping-taxable","12":"product-type-simple"},"_links":{"self":[{"href":"https:\/\/deposito.grupoboavistamg.com.br\/index.php?rest_route=\/wp\/v2\/product\/983"}],"collection":[{"href":"https:\/\/deposito.grupoboavistamg.com.br\/index.php?rest_route=\/wp\/v2\/product"}],"about":[{"href":"https:\/\/deposito.grupoboavistamg.com.br\/index.php?rest_route=\/wp\/v2\/types\/product"}],"wp:featuredmedia":[{"embeddable":true,"href":"https:\/\/deposito.grupoboavistamg.com.br\/index.php?rest_route=\/wp\/v2\/media\/984"}],"wp:attachment":[{"href":"https:\/\/deposito.grupoboavistamg.com.br\/index.php?rest_route=%2Fwp%2Fv2%2Fmedia&parent=983"}],"wp:term":[{"taxonomy":"product_cat","embeddable":true,"href":"https:\/\/deposito.grupoboavistamg.com.br\/index.php?rest_route=%2Fwp%2Fv2%2Fproduct_cat&post=983"},{"taxonomy":"product_tag","embeddable":true,"href":"https:\/\/deposito.grupoboavistamg.com.br\/index.php?rest_route=%2Fwp%2Fv2%2Fproduct_tag&post=983"}],"curies":[{"name":"wp","href":"https:\/\/api.w.org\/{rel}","templated":true}]}}