{"id":981,"date":"2024-09-10T15:42:32","date_gmt":"2024-09-10T15:42:32","guid":{"rendered":"https:\/\/deposito.grupoboavistamg.com.br\/?post_type=product&#038;p=981"},"modified":"2024-09-10T15:42:32","modified_gmt":"2024-09-10T15:42:32","slug":"arame-recozido-liso-no18-bwg-18-1kg","status":"publish","type":"product","link":"https:\/\/deposito.grupoboavistamg.com.br\/?product=arame-recozido-liso-no18-bwg-18-1kg","title":{"rendered":"Arame Recozido Liso N\u00ba18 Bwg 18 1Kg"},"content":{"rendered":"<p>Oferece elevado grau de maleabilidade e alta resist\u00eancia.<br \/>\nIndicado para uso na constru\u00e7\u00e3o civil para amarra\u00e7\u00f5es de armaduras de concreto armado.<\/p>\n","protected":false},"excerpt":{"rendered":"<p>Oferece elevado grau de maleabilidade e alta resist\u00eancia. Indicado para uso na constru\u00e7\u00e3o civil para amarra\u00e7\u00f5es de armaduras de concreto&hellip;<\/p>\n","protected":false},"featured_media":982,"template":"","meta":[],"product_cat":[40],"product_tag":[],"class_list":{"0":"post-981","1":"product","2":"type-product","3":"status-publish","4":"has-post-thumbnail","6":"product_cat-arame","8":"first","9":"instock","10":"shipping-taxable","11":"product-type-simple"},"_links":{"self":[{"href":"https:\/\/deposito.grupoboavistamg.com.br\/index.php?rest_route=\/wp\/v2\/product\/981"}],"collection":[{"href":"https:\/\/deposito.grupoboavistamg.com.br\/index.php?rest_route=\/wp\/v2\/product"}],"about":[{"href":"https:\/\/deposito.grupoboavistamg.com.br\/index.php?rest_route=\/wp\/v2\/types\/product"}],"wp:featuredmedia":[{"embeddable":true,"href":"https:\/\/deposito.grupoboavistamg.com.br\/index.php?rest_route=\/wp\/v2\/media\/982"}],"wp:attachment":[{"href":"https:\/\/deposito.grupoboavistamg.com.br\/index.php?rest_route=%2Fwp%2Fv2%2Fmedia&parent=981"}],"wp:term":[{"taxonomy":"product_cat","embeddable":true,"href":"https:\/\/deposito.grupoboavistamg.com.br\/index.php?rest_route=%2Fwp%2Fv2%2Fproduct_cat&post=981"},{"taxonomy":"product_tag","embeddable":true,"href":"https:\/\/deposito.grupoboavistamg.com.br\/index.php?rest_route=%2Fwp%2Fv2%2Fproduct_tag&post=981"}],"curies":[{"name":"wp","href":"https:\/\/api.w.org\/{rel}","templated":true}]}}