{"id":974,"date":"2024-09-10T15:31:54","date_gmt":"2024-09-10T15:31:54","guid":{"rendered":"https:\/\/deposito.grupoboavistamg.com.br\/?post_type=product&#038;p=974"},"modified":"2024-09-10T15:31:54","modified_gmt":"2024-09-10T15:31:54","slug":"adesivo-epoxi-premium-cola-tudo-sikadur-32-lata-1kg","status":"publish","type":"product","link":"https:\/\/deposito.grupoboavistamg.com.br\/?product=adesivo-epoxi-premium-cola-tudo-sikadur-32-lata-1kg","title":{"rendered":"Adesivo Ep\u00f3xi Premium &#8211; Cola Tudo Sikadur 32 Lata 1kg"},"content":{"rendered":"<p>O <strong>Sikadur<\/strong> 32 \u00e9 um adesivo estrutural \u00e0 base de resina ep\u00f3xi, de m\u00e9dia viscosidade (fluido), bi-componente e de pega normal, especialmente formulado para ancoragens em geral e colagens de concreto velho com concreto novo e chapas met\u00e1licas ao concreto. Embora possua consist\u00eancia fluida, n\u00e3o \u00e9 autonivelante.<\/p>\n","protected":false},"excerpt":{"rendered":"<p>O Sikadur 32 \u00e9 um adesivo estrutural \u00e0 base de resina ep\u00f3xi, de m\u00e9dia viscosidade (fluido), bi-componente e de pega&hellip;<\/p>\n","protected":false},"featured_media":978,"template":"","meta":[],"product_cat":[43],"product_tag":[],"class_list":{"0":"post-974","1":"product","2":"type-product","3":"status-publish","4":"has-post-thumbnail","6":"product_cat-adesivo","8":"first","9":"instock","10":"shipping-taxable","11":"product-type-simple"},"_links":{"self":[{"href":"https:\/\/deposito.grupoboavistamg.com.br\/index.php?rest_route=\/wp\/v2\/product\/974"}],"collection":[{"href":"https:\/\/deposito.grupoboavistamg.com.br\/index.php?rest_route=\/wp\/v2\/product"}],"about":[{"href":"https:\/\/deposito.grupoboavistamg.com.br\/index.php?rest_route=\/wp\/v2\/types\/product"}],"wp:featuredmedia":[{"embeddable":true,"href":"https:\/\/deposito.grupoboavistamg.com.br\/index.php?rest_route=\/wp\/v2\/media\/978"}],"wp:attachment":[{"href":"https:\/\/deposito.grupoboavistamg.com.br\/index.php?rest_route=%2Fwp%2Fv2%2Fmedia&parent=974"}],"wp:term":[{"taxonomy":"product_cat","embeddable":true,"href":"https:\/\/deposito.grupoboavistamg.com.br\/index.php?rest_route=%2Fwp%2Fv2%2Fproduct_cat&post=974"},{"taxonomy":"product_tag","embeddable":true,"href":"https:\/\/deposito.grupoboavistamg.com.br\/index.php?rest_route=%2Fwp%2Fv2%2Fproduct_tag&post=974"}],"curies":[{"name":"wp","href":"https:\/\/api.w.org\/{rel}","templated":true}]}}