{"id":969,"date":"2024-09-10T15:30:34","date_gmt":"2024-09-10T15:30:34","guid":{"rendered":"https:\/\/deposito.grupoboavistamg.com.br\/?post_type=product&#038;p=969"},"modified":"2024-09-10T15:30:34","modified_gmt":"2024-09-10T15:30:34","slug":"adesivo-sikadur-epoxi-lata-1kg-compound-da-sika","status":"publish","type":"product","link":"https:\/\/deposito.grupoboavistamg.com.br\/?product=adesivo-sikadur-epoxi-lata-1kg-compound-da-sika","title":{"rendered":"Adesivo Sikadur Epoxi Lata 1kg &#8211; Compound Da Sika"},"content":{"rendered":"<p>\u00b7 Sikadur Ep\u00f3xi BR &#8211; 1KG<\/p>\n<p>Sikadur Ep\u00f3xi \u00e9 um adesivo estrutural \u00e0 base de resina ep\u00f3xi, de m\u00e9dia viscosidade (fluido), bi-componente e de pega normal, formulado para colagem de superf\u00edcies de concreto, argamassa, cimento-amianto, madeira, cer\u00e2mica, m\u00e1rmore, ep\u00f3xi e a\u00e7o.<\/p>\n","protected":false},"excerpt":{"rendered":"<p>\u00b7 Sikadur Ep\u00f3xi BR &#8211; 1KG Sikadur Ep\u00f3xi \u00e9 um adesivo estrutural \u00e0 base de resina ep\u00f3xi, de m\u00e9dia viscosidade&hellip;<\/p>\n","protected":false},"featured_media":973,"template":"","meta":[],"product_cat":[43],"product_tag":[],"class_list":{"0":"post-969","1":"product","2":"type-product","3":"status-publish","4":"has-post-thumbnail","6":"product_cat-adesivo","8":"first","9":"instock","10":"shipping-taxable","11":"product-type-simple"},"_links":{"self":[{"href":"https:\/\/deposito.grupoboavistamg.com.br\/index.php?rest_route=\/wp\/v2\/product\/969"}],"collection":[{"href":"https:\/\/deposito.grupoboavistamg.com.br\/index.php?rest_route=\/wp\/v2\/product"}],"about":[{"href":"https:\/\/deposito.grupoboavistamg.com.br\/index.php?rest_route=\/wp\/v2\/types\/product"}],"wp:featuredmedia":[{"embeddable":true,"href":"https:\/\/deposito.grupoboavistamg.com.br\/index.php?rest_route=\/wp\/v2\/media\/973"}],"wp:attachment":[{"href":"https:\/\/deposito.grupoboavistamg.com.br\/index.php?rest_route=%2Fwp%2Fv2%2Fmedia&parent=969"}],"wp:term":[{"taxonomy":"product_cat","embeddable":true,"href":"https:\/\/deposito.grupoboavistamg.com.br\/index.php?rest_route=%2Fwp%2Fv2%2Fproduct_cat&post=969"},{"taxonomy":"product_tag","embeddable":true,"href":"https:\/\/deposito.grupoboavistamg.com.br\/index.php?rest_route=%2Fwp%2Fv2%2Fproduct_tag&post=969"}],"curies":[{"name":"wp","href":"https:\/\/api.w.org\/{rel}","templated":true}]}}