{"id":951,"date":"2024-09-10T15:07:42","date_gmt":"2024-09-10T15:07:42","guid":{"rendered":"https:\/\/deposito.grupoboavistamg.com.br\/?post_type=product&#038;p=951"},"modified":"2024-09-10T15:07:42","modified_gmt":"2024-09-10T15:07:42","slug":"chuveiro-docol-eden-de-parede-com-desviador-1-2-cromado","status":"publish","type":"product","link":"https:\/\/deposito.grupoboavistamg.com.br\/?product=chuveiro-docol-eden-de-parede-com-desviador-1-2-cromado","title":{"rendered":"Chuveiro Docol Eden de Parede com Desviador 1\/2, Cromado"},"content":{"rendered":"<div class=\"sc-fqkvVR clbOvz sc-jzNkva EWCcu\" data-testid=\"product-detail\"><strong><span class=\"sc-kpDqfm qhIEo\" data-testid=\"product-detail-title\">Chuveiro Docol Eden R150 C\/ Desviador<\/span><\/strong><\/p>\n<div class=\"sc-fqkvVR heuZyN sc-toTrN gwvoPz\" data-testid=\"product-detail-description\">\n<div class=\"sc-fqkvVR hlqElk sc-fdVlUD brfvue\" data-testid=\"rich-content-container\">O chuveiro da linha DocolEden \u00e9 perfeito para um banho relaxante, com alta press\u00e3o e for\u00e7a da \u00e1gua. Ao possuir a tecnologia Smartshower\u00ae, a \u00e1gua sai do chuveiro com muito mais for\u00e7a, tornando o banho mais confort\u00e1vel, mantendo a mesma intensidade de \u00e1gua durante todo o banho. O chuveiro Eden 150 com desviador oferece maior durabilidade e Garantia Toda Vida, visto que todos os produtos da nossa marca passam por banhos de croma, que garantem 40% a mais de dura\u00e7\u00e3o que os produtos de mercado. O produto acompanha um restritor de vaz\u00e3o opcional, que proporciona uma sa\u00edda de 15 litros por minuto, com muito mais economia de \u00e1gua durante o banho, se voc\u00ea optar por instal\u00e1-lo. A ducha manual conta com uma tecnologia exclusiva de acionamento, \u00e9 necess\u00e1rio apenas um suave giro para acionar a sa\u00edda d?e \u00e1gua. O desviador da ducha utiliza cartucho cer\u00e2mico e eixo met\u00e1lico o que garante ainda mais robustez ao produto.<\/div>\n<\/div>\n<\/div>\n<div class=\"sc-fqkvVR hlqElk\" data-testid=\"lazyload-container\"><\/div>\n","protected":false},"excerpt":{"rendered":"<p>Chuveiro Docol Eden R150 C\/ Desviador O chuveiro da linha DocolEden \u00e9 perfeito para um banho relaxante, com alta press\u00e3o&hellip;<\/p>\n","protected":false},"featured_media":954,"template":"","meta":[],"product_cat":[35,17,18],"product_tag":[],"class_list":{"0":"post-951","1":"product","2":"type-product","3":"status-publish","4":"has-post-thumbnail","6":"product_cat-agua","7":"product_cat-banheiro","8":"product_cat-chuveiros","10":"first","11":"instock","12":"shipping-taxable","13":"product-type-simple"},"_links":{"self":[{"href":"https:\/\/deposito.grupoboavistamg.com.br\/index.php?rest_route=\/wp\/v2\/product\/951"}],"collection":[{"href":"https:\/\/deposito.grupoboavistamg.com.br\/index.php?rest_route=\/wp\/v2\/product"}],"about":[{"href":"https:\/\/deposito.grupoboavistamg.com.br\/index.php?rest_route=\/wp\/v2\/types\/product"}],"wp:featuredmedia":[{"embeddable":true,"href":"https:\/\/deposito.grupoboavistamg.com.br\/index.php?rest_route=\/wp\/v2\/media\/954"}],"wp:attachment":[{"href":"https:\/\/deposito.grupoboavistamg.com.br\/index.php?rest_route=%2Fwp%2Fv2%2Fmedia&parent=951"}],"wp:term":[{"taxonomy":"product_cat","embeddable":true,"href":"https:\/\/deposito.grupoboavistamg.com.br\/index.php?rest_route=%2Fwp%2Fv2%2Fproduct_cat&post=951"},{"taxonomy":"product_tag","embeddable":true,"href":"https:\/\/deposito.grupoboavistamg.com.br\/index.php?rest_route=%2Fwp%2Fv2%2Fproduct_tag&post=951"}],"curies":[{"name":"wp","href":"https:\/\/api.w.org\/{rel}","templated":true}]}}