{"id":939,"date":"2024-09-10T14:52:37","date_gmt":"2024-09-10T14:52:37","guid":{"rendered":"https:\/\/deposito.grupoboavistamg.com.br\/?post_type=product&#038;p=939"},"modified":"2024-09-10T14:52:37","modified_gmt":"2024-09-10T14:52:37","slug":"chuveiro-docol-slim-de-parede-com-desviador-cromado","status":"publish","type":"product","link":"https:\/\/deposito.grupoboavistamg.com.br\/?product=chuveiro-docol-slim-de-parede-com-desviador-cromado","title":{"rendered":"Chuveiro Docol Slim De Parede Com Desviador Cromado"},"content":{"rendered":"<p>O<strong> chuveiro<\/strong> com instala\u00e7\u00e3o em parede da linha Bonnaducha entrega um banho muito mais confort\u00e1vel e relaxante, com o objetivo de tornar o seu momento com a \u00e1gua \u00fanico. A presen\u00e7a do desviador permite que voc\u00ea mude a dire\u00e7\u00e3o do jato da \u00e1gua, a concentrando apenas no desviador. A mangueira possui a extens\u00e3o ideal para manuseio e, com o gatilho na ponta, \u00e9 poss\u00edvel controlar a \u00e1gua com muito mais facilidade e rapidez. Seu design \u00e9 simples e minimalista, com tra\u00e7os arredondados e um formato de cabe\u00e7a menor. Por ter essa simplicidade, o chuveiro pode ser instalado em diversos ambientes. Seu encaixe \u00e9 em bitolas \u00bd&#8221; e suporta temperaturas de at\u00e9 70\u00b0C. Al\u00e9m disso, o produto pode ser instalado em projetos com baixas ou altas press\u00f5es, sem varia\u00e7\u00e3o de funcionamento, ou seja, entrega a mesma qualidade e o mesmo banho confort\u00e1vel em qualquer ambiente.<\/p>\n","protected":false},"excerpt":{"rendered":"<p>O chuveiro com instala\u00e7\u00e3o em parede da linha Bonnaducha entrega um banho muito mais confort\u00e1vel e relaxante, com o objetivo&hellip;<\/p>\n","protected":false},"featured_media":943,"template":"","meta":[],"product_cat":[35,17,18],"product_tag":[],"class_list":{"0":"post-939","1":"product","2":"type-product","3":"status-publish","4":"has-post-thumbnail","6":"product_cat-agua","7":"product_cat-banheiro","8":"product_cat-chuveiros","10":"first","11":"instock","12":"shipping-taxable","13":"product-type-simple"},"_links":{"self":[{"href":"https:\/\/deposito.grupoboavistamg.com.br\/index.php?rest_route=\/wp\/v2\/product\/939"}],"collection":[{"href":"https:\/\/deposito.grupoboavistamg.com.br\/index.php?rest_route=\/wp\/v2\/product"}],"about":[{"href":"https:\/\/deposito.grupoboavistamg.com.br\/index.php?rest_route=\/wp\/v2\/types\/product"}],"wp:featuredmedia":[{"embeddable":true,"href":"https:\/\/deposito.grupoboavistamg.com.br\/index.php?rest_route=\/wp\/v2\/media\/943"}],"wp:attachment":[{"href":"https:\/\/deposito.grupoboavistamg.com.br\/index.php?rest_route=%2Fwp%2Fv2%2Fmedia&parent=939"}],"wp:term":[{"taxonomy":"product_cat","embeddable":true,"href":"https:\/\/deposito.grupoboavistamg.com.br\/index.php?rest_route=%2Fwp%2Fv2%2Fproduct_cat&post=939"},{"taxonomy":"product_tag","embeddable":true,"href":"https:\/\/deposito.grupoboavistamg.com.br\/index.php?rest_route=%2Fwp%2Fv2%2Fproduct_tag&post=939"}],"curies":[{"name":"wp","href":"https:\/\/api.w.org\/{rel}","templated":true}]}}