{"id":911,"date":"2024-09-10T13:56:58","date_gmt":"2024-09-10T13:56:58","guid":{"rendered":"https:\/\/deposito.grupoboavistamg.com.br\/?post_type=product&#038;p=911"},"modified":"2024-09-10T13:56:59","modified_gmt":"2024-09-10T13:56:59","slug":"torneira-para-lavatorio-de-parede-curta-loggica-docol","status":"publish","type":"product","link":"https:\/\/deposito.grupoboavistamg.com.br\/?product=torneira-para-lavatorio-de-parede-curta-loggica-docol","title":{"rendered":"Torneira Para Lavat\u00f3rio de Parede Curta Loggica &#8211; Docol"},"content":{"rendered":"<p><strong>Torneira para banheiro de parede bica curta Nova L\u00f3ggica<\/strong><\/p>\n<p>Versatilidade, simplicidade e sofistica\u00e7\u00e3o s\u00e3o as marcas registradas deste produto. A Torneira para banheiro de parede bica curta Nova L\u00f3ggica \u00e9 perfeita para cubas de apoio por ser instalada na parede e oferecer mais espa\u00e7o para higieniza\u00e7\u00e3o das m\u00e3os. A instala\u00e7\u00e3o exige apenas um furo na parede ou bancada. Encaixa em bitolas \u00bd&#8221; e \u00be&#8221;, suporta altas e baixas press\u00f5es e temperaturas de at\u00e9 70\u00b0C. Ainda recebe dois banhos de n\u00edquel, o que garante 40% a mais de durabilidade.<\/p>\n","protected":false},"excerpt":{"rendered":"<p>Torneira para banheiro de parede bica curta Nova L\u00f3ggica Versatilidade, simplicidade e sofistica\u00e7\u00e3o s\u00e3o as marcas registradas deste produto. A&hellip;<\/p>\n","protected":false},"featured_media":918,"template":"","meta":[],"product_cat":[35,17,37],"product_tag":[],"class_list":{"0":"post-911","1":"product","2":"type-product","3":"status-publish","4":"has-post-thumbnail","6":"product_cat-agua","7":"product_cat-banheiro","8":"product_cat-torneira","10":"first","11":"instock","12":"shipping-taxable","13":"product-type-simple"},"_links":{"self":[{"href":"https:\/\/deposito.grupoboavistamg.com.br\/index.php?rest_route=\/wp\/v2\/product\/911"}],"collection":[{"href":"https:\/\/deposito.grupoboavistamg.com.br\/index.php?rest_route=\/wp\/v2\/product"}],"about":[{"href":"https:\/\/deposito.grupoboavistamg.com.br\/index.php?rest_route=\/wp\/v2\/types\/product"}],"wp:featuredmedia":[{"embeddable":true,"href":"https:\/\/deposito.grupoboavistamg.com.br\/index.php?rest_route=\/wp\/v2\/media\/918"}],"wp:attachment":[{"href":"https:\/\/deposito.grupoboavistamg.com.br\/index.php?rest_route=%2Fwp%2Fv2%2Fmedia&parent=911"}],"wp:term":[{"taxonomy":"product_cat","embeddable":true,"href":"https:\/\/deposito.grupoboavistamg.com.br\/index.php?rest_route=%2Fwp%2Fv2%2Fproduct_cat&post=911"},{"taxonomy":"product_tag","embeddable":true,"href":"https:\/\/deposito.grupoboavistamg.com.br\/index.php?rest_route=%2Fwp%2Fv2%2Fproduct_tag&post=911"}],"curies":[{"name":"wp","href":"https:\/\/api.w.org\/{rel}","templated":true}]}}