{"id":899,"date":"2024-09-10T13:27:49","date_gmt":"2024-09-10T13:27:49","guid":{"rendered":"https:\/\/deposito.grupoboavistamg.com.br\/?post_type=product&#038;p=899"},"modified":"2024-09-10T13:27:49","modified_gmt":"2024-09-10T13:27:49","slug":"torneira-docol-lift-para-lavatorio-de-mesa-cromado","status":"publish","type":"product","link":"https:\/\/deposito.grupoboavistamg.com.br\/?product=torneira-docol-lift-para-lavatorio-de-mesa-cromado","title":{"rendered":"Torneira Docol Lift para Lavat\u00f3rio de Mesa &#8211; Cromado"},"content":{"rendered":"<h3 class=\"titulo-completo\">Design robusto e funcionalidade no dia a dia<\/h3>\n<div class=\"wd-descriptions wd-widget tab-style wd-widget-js\" data-widget-js=\"{ &quot;handler&quot;: &quot;ProductDescriptions&quot;, &quot;options&quot;: {} }\">\n<div class=\"wd-content\">\n<div id=\"LongDescription\" class=\"wd-descriptions-panel \">\n<div class=\"wd-descriptions-text\">A torneira para banheiro de mesa com bica alta da linha Lift foi planejada para ambientes que valorizam os tra\u00e7os robustos e retos, a fim de compor um ambiente com o mesmo estilo. Por ter bica alta, seu encaixe \u00e9 melhor em uma cuba de apoio, por exemplo, pois evita respingos ao ficar mais pr\u00f3xima da cuba. Al\u00e9m disso, esse produto encaixa em bitolas 1\/2&#8243; e suporta ambientes com alta ou baixa press\u00e3o. Caso voc\u00ea queira deixar seu banheiro ou lavabo ainda mais diferente, a instala\u00e7\u00e3o da torneira pode ser feita nas laterais da cuba. Uma escolha diferente que torna seu design \u00fanico. A presen\u00e7a da pastilha em cer\u00e2mica na torneira tem por objetivo ter mais controle de vaz\u00e3o da \u00e1gua, gerando economia e conforto ao utilizar o produto no dia a dia.<\/div>\n<\/div>\n<\/div>\n<\/div>\n","protected":false},"excerpt":{"rendered":"<p>Design robusto e funcionalidade no dia a dia A torneira para banheiro de mesa com bica alta da linha Lift&hellip;<\/p>\n","protected":false},"featured_media":903,"template":"","meta":[],"product_cat":[35,17,37],"product_tag":[],"class_list":{"0":"post-899","1":"product","2":"type-product","3":"status-publish","4":"has-post-thumbnail","6":"product_cat-agua","7":"product_cat-banheiro","8":"product_cat-torneira","10":"first","11":"instock","12":"shipping-taxable","13":"product-type-simple"},"_links":{"self":[{"href":"https:\/\/deposito.grupoboavistamg.com.br\/index.php?rest_route=\/wp\/v2\/product\/899"}],"collection":[{"href":"https:\/\/deposito.grupoboavistamg.com.br\/index.php?rest_route=\/wp\/v2\/product"}],"about":[{"href":"https:\/\/deposito.grupoboavistamg.com.br\/index.php?rest_route=\/wp\/v2\/types\/product"}],"wp:featuredmedia":[{"embeddable":true,"href":"https:\/\/deposito.grupoboavistamg.com.br\/index.php?rest_route=\/wp\/v2\/media\/903"}],"wp:attachment":[{"href":"https:\/\/deposito.grupoboavistamg.com.br\/index.php?rest_route=%2Fwp%2Fv2%2Fmedia&parent=899"}],"wp:term":[{"taxonomy":"product_cat","embeddable":true,"href":"https:\/\/deposito.grupoboavistamg.com.br\/index.php?rest_route=%2Fwp%2Fv2%2Fproduct_cat&post=899"},{"taxonomy":"product_tag","embeddable":true,"href":"https:\/\/deposito.grupoboavistamg.com.br\/index.php?rest_route=%2Fwp%2Fv2%2Fproduct_tag&post=899"}],"curies":[{"name":"wp","href":"https:\/\/api.w.org\/{rel}","templated":true}]}}