{"id":889,"date":"2024-09-10T13:07:12","date_gmt":"2024-09-10T13:07:12","guid":{"rendered":"https:\/\/deposito.grupoboavistamg.com.br\/?post_type=product&#038;p=889"},"modified":"2024-09-10T13:07:12","modified_gmt":"2024-09-10T13:07:12","slug":"misturador-monocomando-lavatorio-de-mesa-chess-00934706-docol","status":"publish","type":"product","link":"https:\/\/deposito.grupoboavistamg.com.br\/?product=misturador-monocomando-lavatorio-de-mesa-chess-00934706-docol","title":{"rendered":"Misturador Monocomando Lavat\u00f3rio De Mesa Chess 00934706 &#8211; DOCOL"},"content":{"rendered":"<div class=\"sc-fqkvVR clbOvz sc-jzNkva EWCcu\" data-testid=\"product-detail\"><strong><strong><span class=\"sc-kpDqfm qhIEo\" data-testid=\"product-detail-title\">Misturador Monocomando Lavat\u00f3rio De Mesa Chess <\/span><\/strong>&#8211; DOCOL<\/strong><\/div>\n<div class=\"sc-fqkvVR clbOvz sc-jzNkva EWCcu\" data-testid=\"product-detail\">\n<div class=\"sc-fqkvVR heuZyN sc-toTrN gwvoPz\" data-testid=\"product-detail-description\">\n<div data-testid=\"rich-content-container\"><\/div>\n<div class=\"sc-fqkvVR hlqElk sc-fdVlUD brfvue\" data-testid=\"rich-content-container\">Com o misturador monocomando para banheiro voc\u00ea tem conforto para lavar \u00e0s m\u00e3os a qualquer momento numa \u00fanica alavanca.<\/div>\n<\/div>\n<\/div>\n<div class=\"sc-fqkvVR hlqElk\" data-testid=\"lazyload-container\">\n<div class=\"sc-dcJsrY dlXJDa\" data-testid=\"mod-y\"><\/div>\n<\/div>\n","protected":false},"excerpt":{"rendered":"<p>Misturador Monocomando Lavat\u00f3rio De Mesa Chess &#8211; DOCOL Com o misturador monocomando para banheiro voc\u00ea tem conforto para lavar \u00e0s&hellip;<\/p>\n","protected":false},"featured_media":890,"template":"","meta":[],"product_cat":[35,37],"product_tag":[],"class_list":{"0":"post-889","1":"product","2":"type-product","3":"status-publish","4":"has-post-thumbnail","6":"product_cat-agua","7":"product_cat-torneira","9":"first","10":"instock","11":"shipping-taxable","12":"product-type-simple"},"_links":{"self":[{"href":"https:\/\/deposito.grupoboavistamg.com.br\/index.php?rest_route=\/wp\/v2\/product\/889"}],"collection":[{"href":"https:\/\/deposito.grupoboavistamg.com.br\/index.php?rest_route=\/wp\/v2\/product"}],"about":[{"href":"https:\/\/deposito.grupoboavistamg.com.br\/index.php?rest_route=\/wp\/v2\/types\/product"}],"wp:featuredmedia":[{"embeddable":true,"href":"https:\/\/deposito.grupoboavistamg.com.br\/index.php?rest_route=\/wp\/v2\/media\/890"}],"wp:attachment":[{"href":"https:\/\/deposito.grupoboavistamg.com.br\/index.php?rest_route=%2Fwp%2Fv2%2Fmedia&parent=889"}],"wp:term":[{"taxonomy":"product_cat","embeddable":true,"href":"https:\/\/deposito.grupoboavistamg.com.br\/index.php?rest_route=%2Fwp%2Fv2%2Fproduct_cat&post=889"},{"taxonomy":"product_tag","embeddable":true,"href":"https:\/\/deposito.grupoboavistamg.com.br\/index.php?rest_route=%2Fwp%2Fv2%2Fproduct_tag&post=889"}],"curies":[{"name":"wp","href":"https:\/\/api.w.org\/{rel}","templated":true}]}}