{"id":868,"date":"2024-09-10T15:39:44","date_gmt":"2024-09-10T15:39:44","guid":{"rendered":"https:\/\/deposito.grupoboavistamg.com.br\/?post_type=product&#038;p=868"},"modified":"2024-09-10T15:39:44","modified_gmt":"2024-09-10T15:39:44","slug":"arame-recozido-torcido-n-18-1kg","status":"publish","type":"product","link":"https:\/\/deposito.grupoboavistamg.com.br\/?product=arame-recozido-torcido-n-18-1kg","title":{"rendered":"Arame Recozido Torcido N.18 1kg"},"content":{"rendered":"<p>O Arame Recozido Tran\u00e7ado BWG 18 \u2013 1kg da JST \u00e9 usado para amarrar<br \/>\nformas de madeiras e barras de a\u00e7o, respons\u00e1veis por garantir que a estrutura<br \/>\ninterna das vigas, colunas e pilares tenham uma sustenta\u00e7\u00e3o de qualidade para<br \/>\na obra.<br \/>\n&#8211; Esse produto tem como uma grande vantagem a sua facilidade de manuseio.<\/p>\n<p>&#8211; Como j\u00e1 \u00e9 duplo, o Arame Recozido Tran\u00e7ado dispensa a opera\u00e7\u00e3o de cortar,<br \/>\nesticar e torcer o arame, garantindo a agilidade e produtividade t\u00e3o necess\u00e1rias<br \/>\nno canteiro de obras.<\/p>\n<p>&#8211; \u00c9 extremamente importante escolher um material de alta resist\u00eancia como o<br \/>\nArame Recozido Tran\u00e7ado para compor colunas, pilares e lajes de uma constru\u00e7\u00e3o,<br \/>\nj\u00e1 que elas precisam sustentar e distribuir o peso de toda a estrutura da obra<br \/>\nadequadamente.<\/p>\n","protected":false},"excerpt":{"rendered":"<p>O Arame Recozido Tran\u00e7ado BWG 18 \u2013 1kg da JST \u00e9 usado para amarrar formas de madeiras e barras de&hellip;<\/p>\n","protected":false},"featured_media":980,"template":"","meta":[],"product_cat":[40],"product_tag":[],"class_list":{"0":"post-868","1":"product","2":"type-product","3":"status-publish","4":"has-post-thumbnail","6":"product_cat-arame","8":"first","9":"instock","10":"shipping-taxable","11":"product-type-simple"},"_links":{"self":[{"href":"https:\/\/deposito.grupoboavistamg.com.br\/index.php?rest_route=\/wp\/v2\/product\/868"}],"collection":[{"href":"https:\/\/deposito.grupoboavistamg.com.br\/index.php?rest_route=\/wp\/v2\/product"}],"about":[{"href":"https:\/\/deposito.grupoboavistamg.com.br\/index.php?rest_route=\/wp\/v2\/types\/product"}],"wp:featuredmedia":[{"embeddable":true,"href":"https:\/\/deposito.grupoboavistamg.com.br\/index.php?rest_route=\/wp\/v2\/media\/980"}],"wp:attachment":[{"href":"https:\/\/deposito.grupoboavistamg.com.br\/index.php?rest_route=%2Fwp%2Fv2%2Fmedia&parent=868"}],"wp:term":[{"taxonomy":"product_cat","embeddable":true,"href":"https:\/\/deposito.grupoboavistamg.com.br\/index.php?rest_route=%2Fwp%2Fv2%2Fproduct_cat&post=868"},{"taxonomy":"product_tag","embeddable":true,"href":"https:\/\/deposito.grupoboavistamg.com.br\/index.php?rest_route=%2Fwp%2Fv2%2Fproduct_tag&post=868"}],"curies":[{"name":"wp","href":"https:\/\/api.w.org\/{rel}","templated":true}]}}