{"id":856,"date":"2024-08-30T18:01:48","date_gmt":"2024-08-30T18:01:48","guid":{"rendered":"https:\/\/deposito.grupoboavistamg.com.br\/?post_type=product&#038;p=856"},"modified":"2024-08-30T18:01:48","modified_gmt":"2024-08-30T18:01:48","slug":"torneira-cozinha-mesa-galiflex-chrome-black-docol","status":"publish","type":"product","link":"https:\/\/deposito.grupoboavistamg.com.br\/?product=torneira-cozinha-mesa-galiflex-chrome-black-docol","title":{"rendered":"Torneira Cozinha Mesa Galiflex Chrome-Black Docol"},"content":{"rendered":"<p><b>Torneira docol para Parede galiflex Cromo\/Preta<\/b><\/p>\n<p>Sua cozinha com design e movimento!<br \/>\nPensada para garantir mais liberdade de movimentos, a GaliFlex traz praticidade e leveza ao ambiente. O volante em alavanca proporciona conforto na abertura no fechamento. O tubo flex\u00edvel e o arejador embutido permitem o direcionamento do fluxo de \u00e1gua, trazendo mais comodidade para o seu dia a dia. A linha da Docol \u00e9 composta por torneiras de mesa e parede com 3 op\u00e7\u00f5es de cores: preto, cinza e vermelho, ideal para cozinhas jovens e despojadas.<\/p>\n<p><b>Conte\u00fado da embalagem:<\/b><br \/>\nconjunto montado<br \/>\ncanopla<br \/>\nveda\u00e7\u00e3o<br \/>\ncontra porca<\/p>\n<p><b>Dimens\u00e3o do Produto:<\/b><br \/>\nA x L x c: 386mm x 69mm x 278mm<\/p>\n<p>&nbsp;<\/p>\n","protected":false},"excerpt":{"rendered":"<p>Torneira docol para Parede galiflex Cromo\/Preta Sua cozinha com design e movimento! Pensada para garantir mais liberdade de movimentos, a&hellip;<\/p>\n","protected":false},"featured_media":860,"template":"","meta":[],"product_cat":[35,37],"product_tag":[],"class_list":{"0":"post-856","1":"product","2":"type-product","3":"status-publish","4":"has-post-thumbnail","6":"product_cat-agua","7":"product_cat-torneira","9":"first","10":"instock","11":"shipping-taxable","12":"product-type-simple"},"_links":{"self":[{"href":"https:\/\/deposito.grupoboavistamg.com.br\/index.php?rest_route=\/wp\/v2\/product\/856"}],"collection":[{"href":"https:\/\/deposito.grupoboavistamg.com.br\/index.php?rest_route=\/wp\/v2\/product"}],"about":[{"href":"https:\/\/deposito.grupoboavistamg.com.br\/index.php?rest_route=\/wp\/v2\/types\/product"}],"wp:featuredmedia":[{"embeddable":true,"href":"https:\/\/deposito.grupoboavistamg.com.br\/index.php?rest_route=\/wp\/v2\/media\/860"}],"wp:attachment":[{"href":"https:\/\/deposito.grupoboavistamg.com.br\/index.php?rest_route=%2Fwp%2Fv2%2Fmedia&parent=856"}],"wp:term":[{"taxonomy":"product_cat","embeddable":true,"href":"https:\/\/deposito.grupoboavistamg.com.br\/index.php?rest_route=%2Fwp%2Fv2%2Fproduct_cat&post=856"},{"taxonomy":"product_tag","embeddable":true,"href":"https:\/\/deposito.grupoboavistamg.com.br\/index.php?rest_route=%2Fwp%2Fv2%2Fproduct_tag&post=856"}],"curies":[{"name":"wp","href":"https:\/\/api.w.org\/{rel}","templated":true}]}}