{"id":844,"date":"2024-08-30T16:07:12","date_gmt":"2024-08-30T16:07:12","guid":{"rendered":"https:\/\/deposito.grupoboavistamg.com.br\/?post_type=product&#038;p=844"},"modified":"2024-08-30T16:07:12","modified_gmt":"2024-08-30T16:07:12","slug":"torneira-de-bancada-para-lavatorio-docol-loggica-cromado","status":"publish","type":"product","link":"https:\/\/deposito.grupoboavistamg.com.br\/?product=torneira-de-bancada-para-lavatorio-docol-loggica-cromado","title":{"rendered":"Torneira de Bancada para Lavat\u00f3rio Docol L\u00f3ggica Cromado"},"content":{"rendered":"<p>A Torneira de Mesa Cromada para Lavat\u00f3rio Bica Alta Docol L\u00f3ggica DN 15 \u00bd&#8221; foi pensada especialmente para ambientes simples, vers\u00e1teis e com um design mais contempor\u00e2neo, foi desenvolvida para cuba de apoio, pois evita respingos ao lavar as m\u00e3os. Este produto suporta altas e baixas press\u00f5es e temperaturas de at\u00e9 70\u00b0C.<\/p>\n<div class=\"vtex-flex-layout-0-x-flexRow vtex-flex-layout-0-x-flexRow--productSpecification\">\n<div class=\"flex mt0 mb0 pt0 pb0    justify-start vtex-flex-layout-0-x-flexRowContent vtex-flex-layout-0-x-flexRowContent--productSpecification items-stretch w-100\">\n<div class=\"pr0 items-stretch vtex-flex-layout-0-x-stretchChildrenWidth   flex\">\n<div class=\"vtex-flex-layout-0-x-flexCol vtex-flex-layout-0-x-flexCol--product-specification-name  ml0 mr0 pl0 pr0      flex flex-column h-100 w-100\">\n<div class=\"vtex-flex-layout-0-x-flexColChild vtex-flex-layout-0-x-flexColChild--product-specification-name pb0\"><span class=\"vtex-product-specifications-1-x-specificationName vtex-product-specifications-1-x-specificationName--specificationNamePdp\" data-specification-group=\"Especifica\u00e7\u00f5es\" data-specification-name=\"Bitola\">Bitola: <\/span>DN 15 1\/2&#8243;<\/div>\n<\/div>\n<\/div>\n<\/div>\n<\/div>\n<div class=\"vtex-flex-layout-0-x-flexRow vtex-flex-layout-0-x-flexRow--productSpecification\">\n<div class=\"flex mt0 mb0 pt0 pb0    justify-start vtex-flex-layout-0-x-flexRowContent vtex-flex-layout-0-x-flexRowContent--productSpecification items-stretch w-100\">\n<div class=\"pr0 items-stretch vtex-flex-layout-0-x-stretchChildrenWidth   flex\">\n<div class=\"vtex-flex-layout-0-x-flexCol vtex-flex-layout-0-x-flexCol--product-specification-name  ml0 mr0 pl0 pr0      flex flex-column h-100 w-100\">\n<div class=\"vtex-flex-layout-0-x-flexColChild vtex-flex-layout-0-x-flexColChild--product-specification-name pb0\"><span class=\"vtex-product-specifications-1-x-specificationName vtex-product-specifications-1-x-specificationName--specificationNamePdp\" data-specification-group=\"Especifica\u00e7\u00f5es\" data-specification-name=\"Linha do Produto\">Linha do Produto: <\/span>L\u00f3ggica<\/div>\n<\/div>\n<\/div>\n<\/div>\n<\/div>\n<div class=\"vtex-flex-layout-0-x-flexRow vtex-flex-layout-0-x-flexRow--productSpecification\">\n<div class=\"flex mt0 mb0 pt0 pb0    justify-start vtex-flex-layout-0-x-flexRowContent vtex-flex-layout-0-x-flexRowContent--productSpecification items-stretch w-100\">\n<div class=\"pr0 items-stretch vtex-flex-layout-0-x-stretchChildrenWidth   flex\">\n<div class=\"vtex-flex-layout-0-x-flexCol vtex-flex-layout-0-x-flexCol--product-specification-name  ml0 mr0 pl0 pr0      flex flex-column h-100 w-100\">\n<div class=\"vtex-flex-layout-0-x-flexColChild vtex-flex-layout-0-x-flexColChild--product-specification-name pb0\"><span class=\"vtex-product-specifications-1-x-specificationName vtex-product-specifications-1-x-specificationName--specificationNamePdp\" data-specification-group=\"Especifica\u00e7\u00f5es\" data-specification-name=\"Acess\u00f3rios\">Acess\u00f3rios: <\/span><span style=\"color: #161615;font-family: Arial, sans-serif;font-size: 0.875rem;letter-spacing: 0em;text-transform: initial\">1 canopla, <\/span><span style=\"color: #161615;font-family: Arial, sans-serif;font-size: 0.875rem;letter-spacing: 0em;text-transform: initial\">1 anel de veda\u00e7\u00e3o, <\/span><span style=\"color: #161615;font-family: Arial, sans-serif;font-size: 0.875rem;letter-spacing: 0em;text-transform: initial\">1 porca de fixa\u00e7\u00e3o<\/span><\/div>\n<\/div>\n<\/div>\n<\/div>\n<\/div>\n<div class=\"vtex-flex-layout-0-x-flexRow vtex-flex-layout-0-x-flexRow--productSpecification\">\n<div class=\"flex mt0 mb0 pt0 pb0    justify-start vtex-flex-layout-0-x-flexRowContent vtex-flex-layout-0-x-flexRowContent--productSpecification items-stretch w-100\">\n<div class=\"pr0 items-stretch vtex-flex-layout-0-x-stretchChildrenWidth   flex\">\n<div class=\"vtex-flex-layout-0-x-flexCol vtex-flex-layout-0-x-flexCol--product-specification-name  ml0 mr0 pl0 pr0      flex flex-column h-100 w-100\">\n<div class=\"vtex-flex-layout-0-x-flexColChild vtex-flex-layout-0-x-flexColChild--product-specification-name pb0\"><span class=\"vtex-product-specifications-1-x-specificationName vtex-product-specifications-1-x-specificationName--specificationNamePdp\" data-specification-group=\"Especifica\u00e7\u00f5es\" data-specification-name=\"Sistema de Abertura\">Sistema de Abertura: <\/span>1\/4 Volta<\/div>\n<\/div>\n<\/div>\n<\/div>\n<\/div>\n<div class=\"vtex-flex-layout-0-x-flexRow vtex-flex-layout-0-x-flexRow--productSpecification\">\n<div class=\"flex mt0 mb0 pt0 pb0    justify-start vtex-flex-layout-0-x-flexRowContent vtex-flex-layout-0-x-flexRowContent--productSpecification items-stretch w-100\">\n<div class=\"pr0 items-stretch vtex-flex-layout-0-x-stretchChildrenWidth   flex\">\n<div class=\"vtex-flex-layout-0-x-flexCol vtex-flex-layout-0-x-flexCol--product-specification-name  ml0 mr0 pl0 pr0      flex flex-column h-100 w-100\">\n<div class=\"vtex-flex-layout-0-x-flexColChild vtex-flex-layout-0-x-flexColChild--product-specification-name pb0\"><span class=\"vtex-product-specifications-1-x-specificationName vtex-product-specifications-1-x-specificationName--specificationNamePdp\" data-specification-group=\"Especifica\u00e7\u00f5es\" data-specification-name=\"Tipo de Bica\">Tipo de Bica: <\/span>Alta<\/div>\n<\/div>\n<\/div>\n<\/div>\n<\/div>\n<div class=\"vtex-flex-layout-0-x-flexRow vtex-flex-layout-0-x-flexRow--productSpecification\">\n<div class=\"flex mt0 mb0 pt0 pb0    justify-start vtex-flex-layout-0-x-flexRowContent vtex-flex-layout-0-x-flexRowContent--productSpecification items-stretch w-100\">\n<div class=\"pr0 items-stretch vtex-flex-layout-0-x-stretchChildrenWidth   flex\">\n<div class=\"vtex-flex-layout-0-x-flexCol vtex-flex-layout-0-x-flexCol--product-specification-name  ml0 mr0 pl0 pr0      flex flex-column h-100 w-100\">\n<div class=\"vtex-flex-layout-0-x-flexColChild vtex-flex-layout-0-x-flexColChild--product-specification-name pb0\"><span class=\"vtex-product-specifications-1-x-specificationName vtex-product-specifications-1-x-specificationName--specificationNamePdp\" data-specification-group=\"Especifica\u00e7\u00f5es\" data-specification-name=\"Temperatura da \u00c1gua\">Temperatura da \u00c1gua: <\/span>Quente ou Fria<\/div>\n<\/div>\n<\/div>\n<\/div>\n<\/div>\n<div class=\"vtex-flex-layout-0-x-flexRow vtex-flex-layout-0-x-flexRow--productSpecification\">\n<div class=\"flex mt0 mb0 pt0 pb0    justify-start vtex-flex-layout-0-x-flexRowContent vtex-flex-layout-0-x-flexRowContent--productSpecification items-stretch w-100\">\n<div class=\"pr0 items-stretch vtex-flex-layout-0-x-stretchChildrenWidth   flex\">\n<div class=\"vtex-flex-layout-0-x-flexCol vtex-flex-layout-0-x-flexCol--product-specification-name  ml0 mr0 pl0 pr0      flex flex-column h-100 w-100\">\n<div class=\"vtex-flex-layout-0-x-flexColChild vtex-flex-layout-0-x-flexColChild--product-specification-name pb0\"><span class=\"vtex-product-specifications-1-x-specificationName vtex-product-specifications-1-x-specificationName--specificationNamePdp\" data-specification-group=\"Especifica\u00e7\u00f5es\" data-specification-name=\"Temperatura M\u00e1xima de Aquecimento\">Temperatura M\u00e1xima de Aquecimento: <\/span>70 CE<\/div>\n<\/div>\n<\/div>\n<\/div>\n<\/div>\n","protected":false},"excerpt":{"rendered":"<p>A Torneira de Mesa Cromada para Lavat\u00f3rio Bica Alta Docol L\u00f3ggica DN 15 \u00bd&#8221; foi pensada especialmente para ambientes simples,&hellip;<\/p>\n","protected":false},"featured_media":848,"template":"","meta":[],"product_cat":[35,37],"product_tag":[],"class_list":{"0":"post-844","1":"product","2":"type-product","3":"status-publish","4":"has-post-thumbnail","6":"product_cat-agua","7":"product_cat-torneira","9":"first","10":"instock","11":"shipping-taxable","12":"product-type-simple"},"_links":{"self":[{"href":"https:\/\/deposito.grupoboavistamg.com.br\/index.php?rest_route=\/wp\/v2\/product\/844"}],"collection":[{"href":"https:\/\/deposito.grupoboavistamg.com.br\/index.php?rest_route=\/wp\/v2\/product"}],"about":[{"href":"https:\/\/deposito.grupoboavistamg.com.br\/index.php?rest_route=\/wp\/v2\/types\/product"}],"wp:featuredmedia":[{"embeddable":true,"href":"https:\/\/deposito.grupoboavistamg.com.br\/index.php?rest_route=\/wp\/v2\/media\/848"}],"wp:attachment":[{"href":"https:\/\/deposito.grupoboavistamg.com.br\/index.php?rest_route=%2Fwp%2Fv2%2Fmedia&parent=844"}],"wp:term":[{"taxonomy":"product_cat","embeddable":true,"href":"https:\/\/deposito.grupoboavistamg.com.br\/index.php?rest_route=%2Fwp%2Fv2%2Fproduct_cat&post=844"},{"taxonomy":"product_tag","embeddable":true,"href":"https:\/\/deposito.grupoboavistamg.com.br\/index.php?rest_route=%2Fwp%2Fv2%2Fproduct_tag&post=844"}],"curies":[{"name":"wp","href":"https:\/\/api.w.org\/{rel}","templated":true}]}}