{"id":839,"date":"2024-08-30T15:18:42","date_gmt":"2024-08-30T15:18:42","guid":{"rendered":"https:\/\/deposito.grupoboavistamg.com.br\/?post_type=product&#038;p=839"},"modified":"2024-08-30T15:18:42","modified_gmt":"2024-08-30T15:18:42","slug":"misturador-monocomando-para-cozinha-de-mesa-docol-gali","status":"publish","type":"product","link":"https:\/\/deposito.grupoboavistamg.com.br\/?product=misturador-monocomando-para-cozinha-de-mesa-docol-gali","title":{"rendered":"Misturador Monocomando Para Cozinha De Mesa Docol Gali"},"content":{"rendered":"<p>MISTURADOR MONOCOMANDO PARA COZINHA DE MESA GALI<br \/>\nCod. 00934606<\/p>\n<p>40% mais resistente que o cromado tradicional.<\/p>\n<p>O cartucho cer\u00e2mico que acompanha os produtos proporciona maior controle sobre a vaz\u00e3o e facilita o ajuste de temperatura da \u00e1gua. Ideal para aplica\u00e7\u00e3o em produtos com acionamento por alavanca.<br \/>\nPara monocomando de cozinha, o arejador articul\u00e1vel traz a liberdade para direcionar a \u00e1gua onde houver necessidade, facilitando o uso em diferentes tipos de bancada.<br \/>\nA bica, com rota\u00e7\u00e3o 360\u00b0 para produtos de cozinha, facilita o uso em bancadas com duas cubas e evidencia o conceito de praticidade da linha.<br \/>\nBitola: 1\/2&#8243;.<br \/>\nFuncionamento perfeito em baixa e alta press\u00e3o, de 0,2 a 4 kgf\/cm\u00b2 ou 3 a 57 psi.<br \/>\nTemperatura m\u00e1xima da \u00e1gua: 70\u00b0C.<br \/>\nVolante em alavanca que proporciona maior leveza na abertura e no fechamento.<br \/>\nGarantia Toda Vida: qualidade e seguran\u00e7a por tempo indeterminado.<\/p>\n","protected":false},"excerpt":{"rendered":"<p>MISTURADOR MONOCOMANDO PARA COZINHA DE MESA GALI Cod. 00934606 40% mais resistente que o cromado tradicional. O cartucho cer\u00e2mico que&hellip;<\/p>\n","protected":false},"featured_media":840,"template":"","meta":[],"product_cat":[35,37],"product_tag":[],"class_list":{"0":"post-839","1":"product","2":"type-product","3":"status-publish","4":"has-post-thumbnail","6":"product_cat-agua","7":"product_cat-torneira","9":"first","10":"instock","11":"shipping-taxable","12":"product-type-simple"},"_links":{"self":[{"href":"https:\/\/deposito.grupoboavistamg.com.br\/index.php?rest_route=\/wp\/v2\/product\/839"}],"collection":[{"href":"https:\/\/deposito.grupoboavistamg.com.br\/index.php?rest_route=\/wp\/v2\/product"}],"about":[{"href":"https:\/\/deposito.grupoboavistamg.com.br\/index.php?rest_route=\/wp\/v2\/types\/product"}],"wp:featuredmedia":[{"embeddable":true,"href":"https:\/\/deposito.grupoboavistamg.com.br\/index.php?rest_route=\/wp\/v2\/media\/840"}],"wp:attachment":[{"href":"https:\/\/deposito.grupoboavistamg.com.br\/index.php?rest_route=%2Fwp%2Fv2%2Fmedia&parent=839"}],"wp:term":[{"taxonomy":"product_cat","embeddable":true,"href":"https:\/\/deposito.grupoboavistamg.com.br\/index.php?rest_route=%2Fwp%2Fv2%2Fproduct_cat&post=839"},{"taxonomy":"product_tag","embeddable":true,"href":"https:\/\/deposito.grupoboavistamg.com.br\/index.php?rest_route=%2Fwp%2Fv2%2Fproduct_tag&post=839"}],"curies":[{"name":"wp","href":"https:\/\/api.w.org\/{rel}","templated":true}]}}