{"id":834,"date":"2024-08-30T15:01:55","date_gmt":"2024-08-30T15:01:55","guid":{"rendered":"https:\/\/deposito.grupoboavistamg.com.br\/?post_type=product&#038;p=834"},"modified":"2024-08-30T18:11:34","modified_gmt":"2024-08-30T18:11:34","slug":"torneira-bica-movel-parede-com-filtro","status":"publish","type":"product","link":"https:\/\/deposito.grupoboavistamg.com.br\/?product=torneira-bica-movel-parede-com-filtro","title":{"rendered":"Torneira Bica M\u00f3vel Parede Com Filtro"},"content":{"rendered":"<p>Conjunto torneira e filtro MK.<\/p>\n<p>COMPOSI\u00c7\u00c3O B\u00c1SICA:<\/p>\n<p>Liga de Cobre (Bronze e Lat\u00e3o), Pl\u00e1stico de Engenharia, Zamac, Cer\u00e2mica, Inox, Carv\u00e3o Ativado e Feltro.<\/p>\n<p>CONTE\u00daDO DA EMBALAGEM:<\/p>\n<ol>\n<li>Torneira com sa\u00edda para filtro<\/li>\n<li>Filtro com vela (elemento filtrante)<\/li>\n<li>Canopla Inox<\/li>\n<li>Porca e Arruela (apenas no conjunto de torneira e filtro mesa)<\/li>\n<\/ol>\n","protected":false},"excerpt":{"rendered":"<p>Conjunto torneira e filtro MK. COMPOSI\u00c7\u00c3O B\u00c1SICA: Liga de Cobre (Bronze e Lat\u00e3o), Pl\u00e1stico de Engenharia, Zamac, Cer\u00e2mica, Inox, Carv\u00e3o&hellip;<\/p>\n","protected":false},"featured_media":863,"template":"","meta":[],"product_cat":[35,37],"product_tag":[39],"class_list":{"0":"post-834","1":"product","2":"type-product","3":"status-publish","4":"has-post-thumbnail","6":"product_cat-agua","7":"product_cat-torneira","8":"product_tag-39","10":"first","11":"instock","12":"shipping-taxable","13":"product-type-simple"},"_links":{"self":[{"href":"https:\/\/deposito.grupoboavistamg.com.br\/index.php?rest_route=\/wp\/v2\/product\/834"}],"collection":[{"href":"https:\/\/deposito.grupoboavistamg.com.br\/index.php?rest_route=\/wp\/v2\/product"}],"about":[{"href":"https:\/\/deposito.grupoboavistamg.com.br\/index.php?rest_route=\/wp\/v2\/types\/product"}],"wp:featuredmedia":[{"embeddable":true,"href":"https:\/\/deposito.grupoboavistamg.com.br\/index.php?rest_route=\/wp\/v2\/media\/863"}],"wp:attachment":[{"href":"https:\/\/deposito.grupoboavistamg.com.br\/index.php?rest_route=%2Fwp%2Fv2%2Fmedia&parent=834"}],"wp:term":[{"taxonomy":"product_cat","embeddable":true,"href":"https:\/\/deposito.grupoboavistamg.com.br\/index.php?rest_route=%2Fwp%2Fv2%2Fproduct_cat&post=834"},{"taxonomy":"product_tag","embeddable":true,"href":"https:\/\/deposito.grupoboavistamg.com.br\/index.php?rest_route=%2Fwp%2Fv2%2Fproduct_tag&post=834"}],"curies":[{"name":"wp","href":"https:\/\/api.w.org\/{rel}","templated":true}]}}