{"id":816,"date":"2024-08-22T14:23:29","date_gmt":"2024-08-22T14:23:29","guid":{"rendered":"https:\/\/deposito.grupoboavistamg.com.br\/?post_type=product&#038;p=816"},"modified":"2024-08-22T14:23:29","modified_gmt":"2024-08-22T14:23:29","slug":"filtro-para-caixa-dagua-fortlev","status":"publish","type":"product","link":"https:\/\/deposito.grupoboavistamg.com.br\/?product=filtro-para-caixa-dagua-fortlev","title":{"rendered":"FILTRO PARA CAIXA D&#8217;AGUA FORTLEV"},"content":{"rendered":"<p>FILTRO PARA CAIXA D&#8217;\u00c1GUA &#8211; FORTLEV<\/p>\n<p>O Filtro para Caixa d\u2019\u00c1gua Fortlev tem a fun\u00e7\u00e3o de reter part\u00edculas de sujeira. Isso aumenta a vida \u00fatil dos aparelhos hidr\u00e1ulico e aumenta a qualidade da \u00e1gua armazenada no reservat\u00f3rio.<\/p>\n<p>&nbsp;<\/p>\n<p>ITENS INCLUSOS<\/p>\n<p>&#8211; Filtro para ponto de entrada com elemento filtrante.<br \/>\n&#8211; Chave de abertura e fechamento.<\/p>\n<p>&nbsp;<\/p>\n<p>CARACTER\u00cdSTICAS<br \/>\n\u2013 Vaz\u00e3o Nominal: 1.200 L\/h;<br \/>\n\u2013 Grau de Filtra\u00e7\u00e3o: Classe D (Entre 15 e 30 micra);<br \/>\n\u2013 Temperatura de Opera\u00e7\u00e3o: entre 5 e 50;<br \/>\n\u2013 Modelo: Filtro para ponto de entrada 9.3\/4&#8243;<br \/>\n\u2013 Press\u00e3o de Opera\u00e7\u00e3o: 19,6 a 588 kPa;<br \/>\n\u2013 Material: Polipropileno 100% at\u00f3xico;<br \/>\n&#8211; Perda de carga inicial: 10 kPa<\/p>\n<p>*Cont\u00e9m chave de abertura e fechamento.<\/p>\n<p>&#8211; Produto 100% ORIGINAL<\/p>\n","protected":false},"excerpt":{"rendered":"<p>FILTRO PARA CAIXA D&#8217;\u00c1GUA &#8211; FORTLEV O Filtro para Caixa d\u2019\u00c1gua Fortlev tem a fun\u00e7\u00e3o de reter part\u00edculas de sujeira.&hellip;<\/p>\n","protected":false},"featured_media":823,"template":"","meta":[],"product_cat":[35,34],"product_tag":[36],"class_list":{"0":"post-816","1":"product","2":"type-product","3":"status-publish","4":"has-post-thumbnail","6":"product_cat-agua","7":"product_cat-caixa-dagua","8":"product_tag-36","10":"first","11":"instock","12":"shipping-taxable","13":"product-type-simple"},"_links":{"self":[{"href":"https:\/\/deposito.grupoboavistamg.com.br\/index.php?rest_route=\/wp\/v2\/product\/816"}],"collection":[{"href":"https:\/\/deposito.grupoboavistamg.com.br\/index.php?rest_route=\/wp\/v2\/product"}],"about":[{"href":"https:\/\/deposito.grupoboavistamg.com.br\/index.php?rest_route=\/wp\/v2\/types\/product"}],"wp:featuredmedia":[{"embeddable":true,"href":"https:\/\/deposito.grupoboavistamg.com.br\/index.php?rest_route=\/wp\/v2\/media\/823"}],"wp:attachment":[{"href":"https:\/\/deposito.grupoboavistamg.com.br\/index.php?rest_route=%2Fwp%2Fv2%2Fmedia&parent=816"}],"wp:term":[{"taxonomy":"product_cat","embeddable":true,"href":"https:\/\/deposito.grupoboavistamg.com.br\/index.php?rest_route=%2Fwp%2Fv2%2Fproduct_cat&post=816"},{"taxonomy":"product_tag","embeddable":true,"href":"https:\/\/deposito.grupoboavistamg.com.br\/index.php?rest_route=%2Fwp%2Fv2%2Fproduct_tag&post=816"}],"curies":[{"name":"wp","href":"https:\/\/api.w.org\/{rel}","templated":true}]}}