{"id":812,"date":"2024-08-21T18:36:10","date_gmt":"2024-08-21T18:36:10","guid":{"rendered":"https:\/\/deposito.grupoboavistamg.com.br\/?post_type=product&#038;p=812"},"modified":"2024-08-22T14:07:56","modified_gmt":"2024-08-22T14:07:56","slug":"aspersor-3-saidas-amanco-jardim","status":"publish","type":"product","link":"https:\/\/deposito.grupoboavistamg.com.br\/?product=aspersor-3-saidas-amanco-jardim","title":{"rendered":"ASPERSOR 3 SA\u00cdDAS AMANCO JARDIM"},"content":{"rendered":"<ul>\n<li>Com encaixe para engate r\u00e1pido<\/li>\n<li>Com ajuste de velocidade<\/li>\n<li>Com fun\u00e7\u00e3o girat\u00f3ria<\/li>\n<\/ul>\n","protected":false},"excerpt":{"rendered":"<p>Com encaixe para engate r\u00e1pido Com ajuste de velocidade Com fun\u00e7\u00e3o girat\u00f3ria<\/p>\n","protected":false},"featured_media":815,"template":"","meta":[],"product_cat":[32],"product_tag":[33],"class_list":{"0":"post-812","1":"product","2":"type-product","3":"status-publish","4":"has-post-thumbnail","6":"product_cat-jardim","7":"product_tag-33","9":"first","10":"instock","11":"shipping-taxable","12":"product-type-simple"},"_links":{"self":[{"href":"https:\/\/deposito.grupoboavistamg.com.br\/index.php?rest_route=\/wp\/v2\/product\/812"}],"collection":[{"href":"https:\/\/deposito.grupoboavistamg.com.br\/index.php?rest_route=\/wp\/v2\/product"}],"about":[{"href":"https:\/\/deposito.grupoboavistamg.com.br\/index.php?rest_route=\/wp\/v2\/types\/product"}],"wp:featuredmedia":[{"embeddable":true,"href":"https:\/\/deposito.grupoboavistamg.com.br\/index.php?rest_route=\/wp\/v2\/media\/815"}],"wp:attachment":[{"href":"https:\/\/deposito.grupoboavistamg.com.br\/index.php?rest_route=%2Fwp%2Fv2%2Fmedia&parent=812"}],"wp:term":[{"taxonomy":"product_cat","embeddable":true,"href":"https:\/\/deposito.grupoboavistamg.com.br\/index.php?rest_route=%2Fwp%2Fv2%2Fproduct_cat&post=812"},{"taxonomy":"product_tag","embeddable":true,"href":"https:\/\/deposito.grupoboavistamg.com.br\/index.php?rest_route=%2Fwp%2Fv2%2Fproduct_tag&post=812"}],"curies":[{"name":"wp","href":"https:\/\/api.w.org\/{rel}","templated":true}]}}