{"id":630,"date":"2024-08-08T17:18:34","date_gmt":"2024-08-08T17:18:34","guid":{"rendered":"https:\/\/deposito.grupoboavistamg.com.br\/?post_type=product&#038;p=630"},"modified":"2024-08-08T17:18:44","modified_gmt":"2024-08-08T17:18:44","slug":"escada-aluminio-extensiva-2x10-mor","status":"publish","type":"product","link":"https:\/\/deposito.grupoboavistamg.com.br\/?product=escada-aluminio-extensiva-2x10-mor","title":{"rendered":"ESCADA ALUMINIO EXTENSIVA 2X10 MOR"},"content":{"rendered":"<p>Escada de Alum\u00ednio Extensiva 2 x 10 Degraus<br \/>\n2,81 x 4,50 Metros MOR<br \/>\nCom 3 anos de garantia, ela suporta at\u00e9 150 Kg e alcan\u00e7a at\u00e9 4,50 metros.<\/p>\n","protected":false},"excerpt":{"rendered":"<p>Escada de Alum\u00ednio Extensiva 2 x 10 Degraus 2,81 x 4,50 Metros MOR Com 3 anos de garantia, ela suporta&hellip;<\/p>\n","protected":false},"featured_media":650,"template":"","meta":[],"product_cat":[23],"product_tag":[],"class_list":{"0":"post-630","1":"product","2":"type-product","3":"status-publish","4":"has-post-thumbnail","6":"product_cat-escadas","8":"first","9":"instock","10":"shipping-taxable","11":"product-type-simple"},"_links":{"self":[{"href":"https:\/\/deposito.grupoboavistamg.com.br\/index.php?rest_route=\/wp\/v2\/product\/630"}],"collection":[{"href":"https:\/\/deposito.grupoboavistamg.com.br\/index.php?rest_route=\/wp\/v2\/product"}],"about":[{"href":"https:\/\/deposito.grupoboavistamg.com.br\/index.php?rest_route=\/wp\/v2\/types\/product"}],"wp:featuredmedia":[{"embeddable":true,"href":"https:\/\/deposito.grupoboavistamg.com.br\/index.php?rest_route=\/wp\/v2\/media\/650"}],"wp:attachment":[{"href":"https:\/\/deposito.grupoboavistamg.com.br\/index.php?rest_route=%2Fwp%2Fv2%2Fmedia&parent=630"}],"wp:term":[{"taxonomy":"product_cat","embeddable":true,"href":"https:\/\/deposito.grupoboavistamg.com.br\/index.php?rest_route=%2Fwp%2Fv2%2Fproduct_cat&post=630"},{"taxonomy":"product_tag","embeddable":true,"href":"https:\/\/deposito.grupoboavistamg.com.br\/index.php?rest_route=%2Fwp%2Fv2%2Fproduct_tag&post=630"}],"curies":[{"name":"wp","href":"https:\/\/api.w.org\/{rel}","templated":true}]}}