{"id":626,"date":"2024-08-08T17:18:13","date_gmt":"2024-08-08T17:18:13","guid":{"rendered":"https:\/\/deposito.grupoboavistamg.com.br\/?post_type=product&#038;p=626"},"modified":"2024-08-08T17:18:41","modified_gmt":"2024-08-08T17:18:41","slug":"escada-aluminio-extensiva-2x7-mor","status":"publish","type":"product","link":"https:\/\/deposito.grupoboavistamg.com.br\/?product=escada-aluminio-extensiva-2x7-mor","title":{"rendered":"ESCADA ALUMINIO EXTENSIVA 2X7 MOR"},"content":{"rendered":"<p>Escada de Alum\u00ednio Extensiva 2 x 7 Degraus<br \/>\n2,25 x 3,65 Metros MOR<br \/>\nCom 3 anos de garantia, ela suporta at\u00e9 150 Kg e alcan\u00e7a at\u00e9 3,65 metros.<\/p>\n","protected":false},"excerpt":{"rendered":"<p>Escada de Alum\u00ednio Extensiva 2 x 7 Degraus 2,25 x 3,65 Metros MOR Com 3 anos de garantia, ela suporta&hellip;<\/p>\n","protected":false},"featured_media":648,"template":"","meta":[],"product_cat":[23],"product_tag":[],"class_list":{"0":"post-626","1":"product","2":"type-product","3":"status-publish","4":"has-post-thumbnail","6":"product_cat-escadas","8":"first","9":"instock","10":"shipping-taxable","11":"product-type-simple"},"_links":{"self":[{"href":"https:\/\/deposito.grupoboavistamg.com.br\/index.php?rest_route=\/wp\/v2\/product\/626"}],"collection":[{"href":"https:\/\/deposito.grupoboavistamg.com.br\/index.php?rest_route=\/wp\/v2\/product"}],"about":[{"href":"https:\/\/deposito.grupoboavistamg.com.br\/index.php?rest_route=\/wp\/v2\/types\/product"}],"wp:featuredmedia":[{"embeddable":true,"href":"https:\/\/deposito.grupoboavistamg.com.br\/index.php?rest_route=\/wp\/v2\/media\/648"}],"wp:attachment":[{"href":"https:\/\/deposito.grupoboavistamg.com.br\/index.php?rest_route=%2Fwp%2Fv2%2Fmedia&parent=626"}],"wp:term":[{"taxonomy":"product_cat","embeddable":true,"href":"https:\/\/deposito.grupoboavistamg.com.br\/index.php?rest_route=%2Fwp%2Fv2%2Fproduct_cat&post=626"},{"taxonomy":"product_tag","embeddable":true,"href":"https:\/\/deposito.grupoboavistamg.com.br\/index.php?rest_route=%2Fwp%2Fv2%2Fproduct_tag&post=626"}],"curies":[{"name":"wp","href":"https:\/\/api.w.org\/{rel}","templated":true}]}}