{"id":616,"date":"2024-08-08T17:16:44","date_gmt":"2024-08-08T17:16:44","guid":{"rendered":"https:\/\/deposito.grupoboavistamg.com.br\/?post_type=product&#038;p=616"},"modified":"2024-08-08T17:18:38","modified_gmt":"2024-08-08T17:18:38","slug":"prolongador-caixa-de-passag-gord-10lt-mallton","status":"publish","type":"product","link":"https:\/\/deposito.grupoboavistamg.com.br\/?product=prolongador-caixa-de-passag-gord-10lt-mallton","title":{"rendered":"PROLONGADOR CAIXA DE PASSAG\/GORD 10LT MALLTON"},"content":{"rendered":"<p>TEM A FINALIDADE DE AUMENTAR A ALTURA DA CAIXA DE PASSAGEM, PLUVIAL MALLTON<br \/>\nEM CASO ONDE A CAIXA DE GORDURA FICA ABAIXO DO N\u00cdVEL DO PISO.<\/p>\n<p>COM A ALTURA DE\u00a0 15CM PODENDO SER ACOPLADO VARIAS PECAS ATE A ALTURA DESEJADA.<br \/>\nCOM A OP\u00c7\u00c3O DE REGULAGEM COM CORTES SE NECESS\u00c1RIO.<\/p>\n<p>SERVE SOMENTE PARA AS CAIXAS MALLTON<br \/>\nFEITA EM POLIPROPILENO (PP) &#8211; COR PRETA<br \/>\nMEDIDAS 27 X 27 X 15<br \/>\nRESISTENTE DE F\u00c1CIL INSTALA\u00c7\u00c3O E MANUSEIO.<\/p>\n","protected":false},"excerpt":{"rendered":"<p>TEM A FINALIDADE DE AUMENTAR A ALTURA DA CAIXA DE PASSAGEM, PLUVIAL MALLTON EM CASO ONDE A CAIXA DE GORDURA&hellip;<\/p>\n","protected":false},"featured_media":202,"template":"","meta":[],"product_cat":[19],"product_tag":[],"class_list":{"0":"post-616","1":"product","2":"type-product","3":"status-publish","4":"has-post-thumbnail","6":"product_cat-hidraulica","8":"first","9":"instock","10":"shipping-taxable","11":"product-type-simple"},"_links":{"self":[{"href":"https:\/\/deposito.grupoboavistamg.com.br\/index.php?rest_route=\/wp\/v2\/product\/616"}],"collection":[{"href":"https:\/\/deposito.grupoboavistamg.com.br\/index.php?rest_route=\/wp\/v2\/product"}],"about":[{"href":"https:\/\/deposito.grupoboavistamg.com.br\/index.php?rest_route=\/wp\/v2\/types\/product"}],"wp:featuredmedia":[{"embeddable":true,"href":"https:\/\/deposito.grupoboavistamg.com.br\/index.php?rest_route=\/wp\/v2\/media\/202"}],"wp:attachment":[{"href":"https:\/\/deposito.grupoboavistamg.com.br\/index.php?rest_route=%2Fwp%2Fv2%2Fmedia&parent=616"}],"wp:term":[{"taxonomy":"product_cat","embeddable":true,"href":"https:\/\/deposito.grupoboavistamg.com.br\/index.php?rest_route=%2Fwp%2Fv2%2Fproduct_cat&post=616"},{"taxonomy":"product_tag","embeddable":true,"href":"https:\/\/deposito.grupoboavistamg.com.br\/index.php?rest_route=%2Fwp%2Fv2%2Fproduct_tag&post=616"}],"curies":[{"name":"wp","href":"https:\/\/api.w.org\/{rel}","templated":true}]}}