{"id":592,"date":"2024-08-08T17:16:43","date_gmt":"2024-08-08T17:16:43","guid":{"rendered":"https:\/\/deposito.grupoboavistamg.com.br\/?post_type=product&#038;p=592"},"modified":"2024-08-08T17:18:12","modified_gmt":"2024-08-08T17:18:12","slug":"kit-bacia-sanit-convencional-fit-plus","status":"publish","type":"product","link":"https:\/\/deposito.grupoboavistamg.com.br\/?product=kit-bacia-sanit-convencional-fit-plus","title":{"rendered":"KIT BACIA SANIT CONVENCIONAL FIT PLUS"},"content":{"rendered":"<div class=\"product-description\">\n<p><strong>KIT COMPLETO:<\/strong><br \/>\n-ASSENTO POLIPROPILENO;<br \/>\n-PARAFUSO CASTELO;<br \/>\n-TUBO DE LIGA\u00c7\u00c3O INOX;<br \/>\n-ANEL DE VEDA\u00c7\u00c3O C\/GUIA.<\/p>\n<p><strong>MARCA:<\/strong>\u00a0CELITE<br \/>\n<strong>LINHA:<\/strong> FIT<br \/>\n<strong>COR:<\/strong>\u00a0BRANCO<\/p>\n<\/div>\n","protected":false},"excerpt":{"rendered":"<p>KIT COMPLETO: -ASSENTO POLIPROPILENO; -PARAFUSO CASTELO; -TUBO DE LIGA\u00c7\u00c3O INOX; -ANEL DE VEDA\u00c7\u00c3O C\/GUIA. MARCA:\u00a0CELITE LINHA: FIT COR:\u00a0BRANCO<\/p>\n","protected":false},"featured_media":622,"template":"","meta":[],"product_cat":[19,22],"product_tag":[],"class_list":{"0":"post-592","1":"product","2":"type-product","3":"status-publish","4":"has-post-thumbnail","6":"product_cat-hidraulica","7":"product_cat-loucas","9":"first","10":"instock","11":"shipping-taxable","12":"product-type-simple"},"_links":{"self":[{"href":"https:\/\/deposito.grupoboavistamg.com.br\/index.php?rest_route=\/wp\/v2\/product\/592"}],"collection":[{"href":"https:\/\/deposito.grupoboavistamg.com.br\/index.php?rest_route=\/wp\/v2\/product"}],"about":[{"href":"https:\/\/deposito.grupoboavistamg.com.br\/index.php?rest_route=\/wp\/v2\/types\/product"}],"wp:featuredmedia":[{"embeddable":true,"href":"https:\/\/deposito.grupoboavistamg.com.br\/index.php?rest_route=\/wp\/v2\/media\/622"}],"wp:attachment":[{"href":"https:\/\/deposito.grupoboavistamg.com.br\/index.php?rest_route=%2Fwp%2Fv2%2Fmedia&parent=592"}],"wp:term":[{"taxonomy":"product_cat","embeddable":true,"href":"https:\/\/deposito.grupoboavistamg.com.br\/index.php?rest_route=%2Fwp%2Fv2%2Fproduct_cat&post=592"},{"taxonomy":"product_tag","embeddable":true,"href":"https:\/\/deposito.grupoboavistamg.com.br\/index.php?rest_route=%2Fwp%2Fv2%2Fproduct_tag&post=592"}],"curies":[{"name":"wp","href":"https:\/\/api.w.org\/{rel}","templated":true}]}}