{"id":1166,"date":"2024-10-29T13:12:22","date_gmt":"2024-10-29T13:12:22","guid":{"rendered":"https:\/\/deposito.grupoboavistamg.com.br\/?post_type=product&#038;p=1166"},"modified":"2024-10-29T13:12:22","modified_gmt":"2024-10-29T13:12:22","slug":"escovas-de-carvao-w-max","status":"publish","type":"product","link":"https:\/\/deposito.grupoboavistamg.com.br\/?product=escovas-de-carvao-w-max","title":{"rendered":"ESCOVAS DE CARVAO W-MAX"},"content":{"rendered":"<p>ESCOVAS DE CARV\u00c3O PARA ESMIRILHADIERA, FURADEIRA, SERRA M\u00c1RMORE, LIXADEIRA EM GERAL.<\/p>\n<p>RECOMENDADMOS QUE TENHA EM M\u00c3OS A ESCOVA ANTIGA PARA<\/p>\n<p>QUE POSSSAMOS VER A COMPATIBILIDADE COM A MARCA.<\/p>\n","protected":false},"excerpt":{"rendered":"<p>ESCOVAS DE CARV\u00c3O PARA ESMIRILHADIERA, FURADEIRA, SERRA M\u00c1RMORE, LIXADEIRA EM GERAL. RECOMENDADMOS QUE TENHA EM M\u00c3OS A ESCOVA ANTIGA PARA&hellip;<\/p>\n","protected":false},"featured_media":1167,"template":"","meta":[],"product_cat":[24],"product_tag":[],"class_list":{"0":"post-1166","1":"product","2":"type-product","3":"status-publish","4":"has-post-thumbnail","6":"product_cat-ferramentas","8":"first","9":"instock","10":"shipping-taxable","11":"product-type-simple"},"_links":{"self":[{"href":"https:\/\/deposito.grupoboavistamg.com.br\/index.php?rest_route=\/wp\/v2\/product\/1166"}],"collection":[{"href":"https:\/\/deposito.grupoboavistamg.com.br\/index.php?rest_route=\/wp\/v2\/product"}],"about":[{"href":"https:\/\/deposito.grupoboavistamg.com.br\/index.php?rest_route=\/wp\/v2\/types\/product"}],"wp:featuredmedia":[{"embeddable":true,"href":"https:\/\/deposito.grupoboavistamg.com.br\/index.php?rest_route=\/wp\/v2\/media\/1167"}],"wp:attachment":[{"href":"https:\/\/deposito.grupoboavistamg.com.br\/index.php?rest_route=%2Fwp%2Fv2%2Fmedia&parent=1166"}],"wp:term":[{"taxonomy":"product_cat","embeddable":true,"href":"https:\/\/deposito.grupoboavistamg.com.br\/index.php?rest_route=%2Fwp%2Fv2%2Fproduct_cat&post=1166"},{"taxonomy":"product_tag","embeddable":true,"href":"https:\/\/deposito.grupoboavistamg.com.br\/index.php?rest_route=%2Fwp%2Fv2%2Fproduct_tag&post=1166"}],"curies":[{"name":"wp","href":"https:\/\/api.w.org\/{rel}","templated":true}]}}