{"id":1165,"date":"2024-10-22T18:34:22","date_gmt":"2024-10-22T18:34:22","guid":{"rendered":"https:\/\/deposito.grupoboavistamg.com.br\/?post_type=product&#038;p=1165"},"modified":"2024-10-22T18:34:22","modified_gmt":"2024-10-22T18:34:22","slug":"disca-de-serra-14p-32-dentes","status":"publish","type":"product","link":"https:\/\/deposito.grupoboavistamg.com.br\/?product=disca-de-serra-14p-32-dentes","title":{"rendered":"DISCA DE SERRA 14P 32 DENTES"},"content":{"rendered":"<p>DISCO DE SERRA UTILIZADO EM CORTES DE MADEIRA EM GERAL.<\/p>\n<p>Especifica\u00e7\u00f5es t\u00e9cnicas:<\/p>\n<p>Di\u00e2metro: 14P<\/p>\n<p>Di\u00e2metro do furo: 32mm<\/p>\n<p>&nbsp;<\/p>\n","protected":false},"excerpt":{"rendered":"<p>DISCO DE SERRA UTILIZADO EM CORTES DE MADEIRA EM GERAL. Especifica\u00e7\u00f5es t\u00e9cnicas: Di\u00e2metro: 14P Di\u00e2metro do furo: 32mm &nbsp;<\/p>\n","protected":false},"featured_media":1163,"template":"","meta":[],"product_cat":[24,56],"product_tag":[],"class_list":{"0":"post-1165","1":"product","2":"type-product","3":"status-publish","4":"has-post-thumbnail","6":"product_cat-ferramentas","7":"product_cat-madeira","9":"first","10":"instock","11":"shipping-taxable","12":"product-type-simple"},"_links":{"self":[{"href":"https:\/\/deposito.grupoboavistamg.com.br\/index.php?rest_route=\/wp\/v2\/product\/1165"}],"collection":[{"href":"https:\/\/deposito.grupoboavistamg.com.br\/index.php?rest_route=\/wp\/v2\/product"}],"about":[{"href":"https:\/\/deposito.grupoboavistamg.com.br\/index.php?rest_route=\/wp\/v2\/types\/product"}],"wp:featuredmedia":[{"embeddable":true,"href":"https:\/\/deposito.grupoboavistamg.com.br\/index.php?rest_route=\/wp\/v2\/media\/1163"}],"wp:attachment":[{"href":"https:\/\/deposito.grupoboavistamg.com.br\/index.php?rest_route=%2Fwp%2Fv2%2Fmedia&parent=1165"}],"wp:term":[{"taxonomy":"product_cat","embeddable":true,"href":"https:\/\/deposito.grupoboavistamg.com.br\/index.php?rest_route=%2Fwp%2Fv2%2Fproduct_cat&post=1165"},{"taxonomy":"product_tag","embeddable":true,"href":"https:\/\/deposito.grupoboavistamg.com.br\/index.php?rest_route=%2Fwp%2Fv2%2Fproduct_tag&post=1165"}],"curies":[{"name":"wp","href":"https:\/\/api.w.org\/{rel}","templated":true}]}}