{"id":1162,"date":"2024-10-22T18:24:54","date_gmt":"2024-10-22T18:24:54","guid":{"rendered":"https:\/\/deposito.grupoboavistamg.com.br\/?post_type=product&#038;p=1162"},"modified":"2024-10-22T18:24:55","modified_gmt":"2024-10-22T18:24:55","slug":"disco-diamante-azul-p-serra-9-1-4-24-dentes","status":"publish","type":"product","link":"https:\/\/deposito.grupoboavistamg.com.br\/?product=disco-diamante-azul-p-serra-9-1-4-24-dentes","title":{"rendered":"DISCO DIAMANTE AZUL P\/SERRA 9 1\/4 24 DENTES"},"content":{"rendered":"<p>DISCO DE SERRA PARA MADIRA EM GERAL.<\/p>\n<p>Especifica\u00e7\u00f5es t\u00e9cnicas:<\/p>\n<p>Di\u00e2metro: 9 1\/4 (230mm)<\/p>\n<p>Di\u00e2metro do furo: 25mm<\/p>\n<p>&nbsp;<\/p>\n","protected":false},"excerpt":{"rendered":"<p>DISCO DE SERRA PARA MADIRA EM GERAL. Especifica\u00e7\u00f5es t\u00e9cnicas: Di\u00e2metro: 9 1\/4 (230mm) Di\u00e2metro do furo: 25mm &nbsp;<\/p>\n","protected":false},"featured_media":1163,"template":"","meta":[],"product_cat":[15],"product_tag":[],"class_list":{"0":"post-1162","1":"product","2":"type-product","3":"status-publish","4":"has-post-thumbnail","6":"product_cat-sem-categoria","8":"first","9":"instock","10":"shipping-taxable","11":"product-type-simple"},"_links":{"self":[{"href":"https:\/\/deposito.grupoboavistamg.com.br\/index.php?rest_route=\/wp\/v2\/product\/1162"}],"collection":[{"href":"https:\/\/deposito.grupoboavistamg.com.br\/index.php?rest_route=\/wp\/v2\/product"}],"about":[{"href":"https:\/\/deposito.grupoboavistamg.com.br\/index.php?rest_route=\/wp\/v2\/types\/product"}],"wp:featuredmedia":[{"embeddable":true,"href":"https:\/\/deposito.grupoboavistamg.com.br\/index.php?rest_route=\/wp\/v2\/media\/1163"}],"wp:attachment":[{"href":"https:\/\/deposito.grupoboavistamg.com.br\/index.php?rest_route=%2Fwp%2Fv2%2Fmedia&parent=1162"}],"wp:term":[{"taxonomy":"product_cat","embeddable":true,"href":"https:\/\/deposito.grupoboavistamg.com.br\/index.php?rest_route=%2Fwp%2Fv2%2Fproduct_cat&post=1162"},{"taxonomy":"product_tag","embeddable":true,"href":"https:\/\/deposito.grupoboavistamg.com.br\/index.php?rest_route=%2Fwp%2Fv2%2Fproduct_tag&post=1162"}],"curies":[{"name":"wp","href":"https:\/\/api.w.org\/{rel}","templated":true}]}}