{"id":1160,"date":"2024-10-22T18:19:44","date_gmt":"2024-10-22T18:19:44","guid":{"rendered":"https:\/\/deposito.grupoboavistamg.com.br\/?post_type=product&#038;p=1160"},"modified":"2024-10-22T18:19:44","modified_gmt":"2024-10-22T18:19:44","slug":"disco-diamante-azul-segmentado-9p-230mm","status":"publish","type":"product","link":"https:\/\/deposito.grupoboavistamg.com.br\/?product=disco-diamante-azul-segmentado-9p-230mm","title":{"rendered":"DISCO DIAMANTE AZUL SEGMENTADO 9P-230MM"},"content":{"rendered":"<p>DISCO DE CORTE EM GRANITO, CONCRETO, M\u00c1RMORE, ARD\u00d3SIA, CER\u00c2MICA E PISOS EM GERAL.<\/p>\n<p>UTILIZADO EM SERRA<\/p>\n<p>Especifica\u00e7\u00f5es t\u00e9cnicas:<\/p>\n<p>Di\u00e2metro: 9P (230mm)<\/p>\n<p>Di\u00e2metro do furo: 22,23mm<\/p>\n<p>&nbsp;<\/p>\n","protected":false},"excerpt":{"rendered":"<p>DISCO DE CORTE EM GRANITO, CONCRETO, M\u00c1RMORE, ARD\u00d3SIA, CER\u00c2MICA E PISOS EM GERAL. UTILIZADO EM SERRA Especifica\u00e7\u00f5es t\u00e9cnicas: Di\u00e2metro: 9P&hellip;<\/p>\n","protected":false},"featured_media":1161,"template":"","meta":[],"product_cat":[24,47],"product_tag":[],"class_list":{"0":"post-1160","1":"product","2":"type-product","3":"status-publish","4":"has-post-thumbnail","6":"product_cat-ferramentas","7":"product_cat-porcelanato","9":"first","10":"instock","11":"shipping-taxable","12":"product-type-simple"},"_links":{"self":[{"href":"https:\/\/deposito.grupoboavistamg.com.br\/index.php?rest_route=\/wp\/v2\/product\/1160"}],"collection":[{"href":"https:\/\/deposito.grupoboavistamg.com.br\/index.php?rest_route=\/wp\/v2\/product"}],"about":[{"href":"https:\/\/deposito.grupoboavistamg.com.br\/index.php?rest_route=\/wp\/v2\/types\/product"}],"wp:featuredmedia":[{"embeddable":true,"href":"https:\/\/deposito.grupoboavistamg.com.br\/index.php?rest_route=\/wp\/v2\/media\/1161"}],"wp:attachment":[{"href":"https:\/\/deposito.grupoboavistamg.com.br\/index.php?rest_route=%2Fwp%2Fv2%2Fmedia&parent=1160"}],"wp:term":[{"taxonomy":"product_cat","embeddable":true,"href":"https:\/\/deposito.grupoboavistamg.com.br\/index.php?rest_route=%2Fwp%2Fv2%2Fproduct_cat&post=1160"},{"taxonomy":"product_tag","embeddable":true,"href":"https:\/\/deposito.grupoboavistamg.com.br\/index.php?rest_route=%2Fwp%2Fv2%2Fproduct_tag&post=1160"}],"curies":[{"name":"wp","href":"https:\/\/api.w.org\/{rel}","templated":true}]}}