{"id":1158,"date":"2024-10-22T18:03:37","date_gmt":"2024-10-22T18:03:37","guid":{"rendered":"https:\/\/deposito.grupoboavistamg.com.br\/?post_type=product&#038;p=1158"},"modified":"2024-10-22T18:03:37","modified_gmt":"2024-10-22T18:03:37","slug":"disco-diamante-azul-lizo-8p-200mm","status":"publish","type":"product","link":"https:\/\/deposito.grupoboavistamg.com.br\/?product=disco-diamante-azul-lizo-8p-200mm","title":{"rendered":"DISCO DIAMANTE AZUL LIZO 8P 200MM"},"content":{"rendered":"<p>DISNCO PARA CORTE EM PORCELANATO GRANITO, M\u00c1RMORE, ARD\u00d3SIA, CER\u00c2MICA, E PISOS EM GERAL.<\/p>\n<p>UTILIZADO EM SERRA<\/p>\n<p>Especifica\u00e7\u00f5es t\u00e9cnicas:<\/p>\n<p>Di\u00e2metro: 8 P (200mm)<\/p>\n<p>Di\u00e2metro do furo: 25.4mm(1&#8243;)-22,23mm<\/p>\n<p>&nbsp;<\/p>\n","protected":false},"excerpt":{"rendered":"<p>DISNCO PARA CORTE EM PORCELANATO GRANITO, M\u00c1RMORE, ARD\u00d3SIA, CER\u00c2MICA, E PISOS EM GERAL. UTILIZADO EM SERRA Especifica\u00e7\u00f5es t\u00e9cnicas: Di\u00e2metro: 8&hellip;<\/p>\n","protected":false},"featured_media":1159,"template":"","meta":[],"product_cat":[24,28],"product_tag":[],"class_list":{"0":"post-1158","1":"product","2":"type-product","3":"status-publish","4":"has-post-thumbnail","6":"product_cat-ferramentas","7":"product_cat-piso-ceramico","9":"first","10":"instock","11":"shipping-taxable","12":"product-type-simple"},"_links":{"self":[{"href":"https:\/\/deposito.grupoboavistamg.com.br\/index.php?rest_route=\/wp\/v2\/product\/1158"}],"collection":[{"href":"https:\/\/deposito.grupoboavistamg.com.br\/index.php?rest_route=\/wp\/v2\/product"}],"about":[{"href":"https:\/\/deposito.grupoboavistamg.com.br\/index.php?rest_route=\/wp\/v2\/types\/product"}],"wp:featuredmedia":[{"embeddable":true,"href":"https:\/\/deposito.grupoboavistamg.com.br\/index.php?rest_route=\/wp\/v2\/media\/1159"}],"wp:attachment":[{"href":"https:\/\/deposito.grupoboavistamg.com.br\/index.php?rest_route=%2Fwp%2Fv2%2Fmedia&parent=1158"}],"wp:term":[{"taxonomy":"product_cat","embeddable":true,"href":"https:\/\/deposito.grupoboavistamg.com.br\/index.php?rest_route=%2Fwp%2Fv2%2Fproduct_cat&post=1158"},{"taxonomy":"product_tag","embeddable":true,"href":"https:\/\/deposito.grupoboavistamg.com.br\/index.php?rest_route=%2Fwp%2Fv2%2Fproduct_tag&post=1158"}],"curies":[{"name":"wp","href":"https:\/\/api.w.org\/{rel}","templated":true}]}}