{"id":1156,"date":"2024-10-22T17:51:21","date_gmt":"2024-10-22T17:51:21","guid":{"rendered":"https:\/\/deposito.grupoboavistamg.com.br\/?post_type=product&#038;p=1156"},"modified":"2024-10-22T17:51:21","modified_gmt":"2024-10-22T17:51:21","slug":"disco-diamante-azul-porcelanato-extra-fino-110mm","status":"publish","type":"product","link":"https:\/\/deposito.grupoboavistamg.com.br\/?product=disco-diamante-azul-porcelanato-extra-fino-110mm","title":{"rendered":"DISCO DIAMANTE AZUL PORCELANATO EXTRA FINO 110MM"},"content":{"rendered":"<p>DISCO COM CORTE EXTRA FINO, EM\u00a0 PORCELANATOS E PISOS EM GERAL.<\/p>\n<p>UTILIZADO EM SERRA M\u00c1RMORE<\/p>\n<p>MENOR \u00cdNDICE DE ESCAMA\u00c7\u00c3O<\/p>\n<p>CORTE SECO OU \u00daMIDO<\/p>\n<p>ALTA CONCETRA\u00c7\u00c3O DE DIAMANTE<\/p>\n<p>ALTA DURABILIDADE<\/p>\n<p>ALTA RESIT\u00caNCIA.<\/p>\n<p>Especifica\u00e7\u00f5es t\u00e9cnicas:<\/p>\n<p>Di\u00e2metro: 4. 3\/8 110mm<\/p>\n<p>Di\u00e2metro: de furo :20mm<\/p>\n<p>M\u00e1x. RPM: 13,900<\/p>\n","protected":false},"excerpt":{"rendered":"<p>DISCO COM CORTE EXTRA FINO, EM\u00a0 PORCELANATOS E PISOS EM GERAL. UTILIZADO EM SERRA M\u00c1RMORE MENOR \u00cdNDICE DE ESCAMA\u00c7\u00c3O CORTE&hellip;<\/p>\n","protected":false},"featured_media":1157,"template":"","meta":[],"product_cat":[24,47],"product_tag":[],"class_list":{"0":"post-1156","1":"product","2":"type-product","3":"status-publish","4":"has-post-thumbnail","6":"product_cat-ferramentas","7":"product_cat-porcelanato","9":"first","10":"instock","11":"shipping-taxable","12":"product-type-simple"},"_links":{"self":[{"href":"https:\/\/deposito.grupoboavistamg.com.br\/index.php?rest_route=\/wp\/v2\/product\/1156"}],"collection":[{"href":"https:\/\/deposito.grupoboavistamg.com.br\/index.php?rest_route=\/wp\/v2\/product"}],"about":[{"href":"https:\/\/deposito.grupoboavistamg.com.br\/index.php?rest_route=\/wp\/v2\/types\/product"}],"wp:featuredmedia":[{"embeddable":true,"href":"https:\/\/deposito.grupoboavistamg.com.br\/index.php?rest_route=\/wp\/v2\/media\/1157"}],"wp:attachment":[{"href":"https:\/\/deposito.grupoboavistamg.com.br\/index.php?rest_route=%2Fwp%2Fv2%2Fmedia&parent=1156"}],"wp:term":[{"taxonomy":"product_cat","embeddable":true,"href":"https:\/\/deposito.grupoboavistamg.com.br\/index.php?rest_route=%2Fwp%2Fv2%2Fproduct_cat&post=1156"},{"taxonomy":"product_tag","embeddable":true,"href":"https:\/\/deposito.grupoboavistamg.com.br\/index.php?rest_route=%2Fwp%2Fv2%2Fproduct_tag&post=1156"}],"curies":[{"name":"wp","href":"https:\/\/api.w.org\/{rel}","templated":true}]}}