{"id":1154,"date":"2024-10-22T17:32:22","date_gmt":"2024-10-22T17:32:22","guid":{"rendered":"https:\/\/deposito.grupoboavistamg.com.br\/?post_type=product&#038;p=1154"},"modified":"2024-10-22T17:41:25","modified_gmt":"2024-10-22T17:41:25","slug":"disco-diamante-azul-turbo-porcelanato-especial-105mm","status":"publish","type":"product","link":"https:\/\/deposito.grupoboavistamg.com.br\/?product=disco-diamante-azul-turbo-porcelanato-especial-105mm","title":{"rendered":"DISCO DIAMANTE AZUL TURBO PORCELANATO ESPECIAL 105MM"},"content":{"rendered":"<p>DISCO ESPECIAL PARA CORTAL PORCELANATO, GRANITO, M\u00c1RMORE, ARD\u00d3SIA, AZULEJOS, PISOS E CER\u00c2MICAS EM GERAL.<\/p>\n<p>UTILIZADO EM SERRA M\u00c1RMORE<\/p>\n<p>MENOR INDICE DE ESCAMA\u00c7\u00c3O<\/p>\n<p>CORTE SECO OU \u00daMIDO<\/p>\n<p>CORTE EXTREMAMENTE FINO<\/p>\n<p>MAIOR CONCENTRA\u00c7\u00c3O DE DIAMANTE<\/p>\n<p>ALTA DURABILIDADE<\/p>\n<p>ALTA RESIST\u00caNCIA.<\/p>\n<p>Especifica\u00e7\u00f5es t\u00e9cnicas:<\/p>\n<p>Di\u00e2metro: 4. 1\/2 (105mm)<\/p>\n<p>Di\u00e2metro do furo: 20mm<\/p>\n<p>M\u00e1x. RPM: 13,900<\/p>\n","protected":false},"excerpt":{"rendered":"<p>DISCO ESPECIAL PARA CORTAL PORCELANATO, GRANITO, M\u00c1RMORE, ARD\u00d3SIA, AZULEJOS, PISOS E CER\u00c2MICAS EM GERAL. UTILIZADO EM SERRA M\u00c1RMORE MENOR INDICE&hellip;<\/p>\n","protected":false},"featured_media":1155,"template":"","meta":[],"product_cat":[24,47],"product_tag":[],"class_list":{"0":"post-1154","1":"product","2":"type-product","3":"status-publish","4":"has-post-thumbnail","6":"product_cat-ferramentas","7":"product_cat-porcelanato","9":"first","10":"instock","11":"shipping-taxable","12":"product-type-simple"},"_links":{"self":[{"href":"https:\/\/deposito.grupoboavistamg.com.br\/index.php?rest_route=\/wp\/v2\/product\/1154"}],"collection":[{"href":"https:\/\/deposito.grupoboavistamg.com.br\/index.php?rest_route=\/wp\/v2\/product"}],"about":[{"href":"https:\/\/deposito.grupoboavistamg.com.br\/index.php?rest_route=\/wp\/v2\/types\/product"}],"wp:featuredmedia":[{"embeddable":true,"href":"https:\/\/deposito.grupoboavistamg.com.br\/index.php?rest_route=\/wp\/v2\/media\/1155"}],"wp:attachment":[{"href":"https:\/\/deposito.grupoboavistamg.com.br\/index.php?rest_route=%2Fwp%2Fv2%2Fmedia&parent=1154"}],"wp:term":[{"taxonomy":"product_cat","embeddable":true,"href":"https:\/\/deposito.grupoboavistamg.com.br\/index.php?rest_route=%2Fwp%2Fv2%2Fproduct_cat&post=1154"},{"taxonomy":"product_tag","embeddable":true,"href":"https:\/\/deposito.grupoboavistamg.com.br\/index.php?rest_route=%2Fwp%2Fv2%2Fproduct_tag&post=1154"}],"curies":[{"name":"wp","href":"https:\/\/api.w.org\/{rel}","templated":true}]}}