{"id":1152,"date":"2024-10-22T17:25:36","date_gmt":"2024-10-22T17:25:36","guid":{"rendered":"https:\/\/deposito.grupoboavistamg.com.br\/?post_type=product&#038;p=1152"},"modified":"2024-10-22T17:25:36","modified_gmt":"2024-10-22T17:25:36","slug":"disco-diamante-azul-esmilhiradeira-115mm","status":"publish","type":"product","link":"https:\/\/deposito.grupoboavistamg.com.br\/?product=disco-diamante-azul-esmilhiradeira-115mm","title":{"rendered":"DISCO DIAMANTE AZUL ESMILHIRADEIRA 115MM"},"content":{"rendered":"<p>DISCO ESPECIAL PARA CORTAR PORCELANATO, GRANITO, M\u00c1RMORE, ARD\u00d3SIA, AZULEIJOS, PISOS E CER\u00c2MICAS EM GERAL.<\/p>\n<p>UTILIZADO EM ESMERILHADEIRA E LIXADEIRA<\/p>\n<p>MENOR INDICE DE ESCAMA\u00c7\u00c3O<\/p>\n<p>CORTE FINO<\/p>\n<p>MAIOR CONCENTRA\u00c7\u00c3O DE DIAMANTE<\/p>\n<p>ALTA DURABILIDADE<\/p>\n<p>ALTA RESIST\u00caNCIA.<\/p>\n<p>Especifica\u00e7\u00f5es t\u00e9cnicas:<\/p>\n<p>Di\u00e2metro: 115mm<\/p>\n<p>Di\u00e2metro do furo: 22,23mm<\/p>\n<p>M\u00e1x. PRM: 13,300<\/p>\n<p>&nbsp;<\/p>\n","protected":false},"excerpt":{"rendered":"<p>DISCO ESPECIAL PARA CORTAR PORCELANATO, GRANITO, M\u00c1RMORE, ARD\u00d3SIA, AZULEIJOS, PISOS E CER\u00c2MICAS EM GERAL. UTILIZADO EM ESMERILHADEIRA E LIXADEIRA MENOR&hellip;<\/p>\n","protected":false},"featured_media":1153,"template":"","meta":[],"product_cat":[24,47],"product_tag":[],"class_list":{"0":"post-1152","1":"product","2":"type-product","3":"status-publish","4":"has-post-thumbnail","6":"product_cat-ferramentas","7":"product_cat-porcelanato","9":"first","10":"instock","11":"shipping-taxable","12":"product-type-simple"},"_links":{"self":[{"href":"https:\/\/deposito.grupoboavistamg.com.br\/index.php?rest_route=\/wp\/v2\/product\/1152"}],"collection":[{"href":"https:\/\/deposito.grupoboavistamg.com.br\/index.php?rest_route=\/wp\/v2\/product"}],"about":[{"href":"https:\/\/deposito.grupoboavistamg.com.br\/index.php?rest_route=\/wp\/v2\/types\/product"}],"wp:featuredmedia":[{"embeddable":true,"href":"https:\/\/deposito.grupoboavistamg.com.br\/index.php?rest_route=\/wp\/v2\/media\/1153"}],"wp:attachment":[{"href":"https:\/\/deposito.grupoboavistamg.com.br\/index.php?rest_route=%2Fwp%2Fv2%2Fmedia&parent=1152"}],"wp:term":[{"taxonomy":"product_cat","embeddable":true,"href":"https:\/\/deposito.grupoboavistamg.com.br\/index.php?rest_route=%2Fwp%2Fv2%2Fproduct_cat&post=1152"},{"taxonomy":"product_tag","embeddable":true,"href":"https:\/\/deposito.grupoboavistamg.com.br\/index.php?rest_route=%2Fwp%2Fv2%2Fproduct_tag&post=1152"}],"curies":[{"name":"wp","href":"https:\/\/api.w.org\/{rel}","templated":true}]}}