{"id":1147,"date":"2024-10-22T17:08:21","date_gmt":"2024-10-22T17:08:21","guid":{"rendered":"https:\/\/deposito.grupoboavistamg.com.br\/?post_type=product&#038;p=1147"},"modified":"2024-10-22T17:08:21","modified_gmt":"2024-10-22T17:08:21","slug":"disco-diamante-azul-turbao-110mm","status":"publish","type":"product","link":"https:\/\/deposito.grupoboavistamg.com.br\/?product=disco-diamante-azul-turbao-110mm","title":{"rendered":"DISCO DIAMANTE AZUL TURBAO 110MM"},"content":{"rendered":"<p>DISCO PARA CORTAR GRANITO, PORCELANATO,CONCRETO ,M\u00c1RMORE, PISOS E CE\u00c2MICAS EM GERAL.<\/p>\n<p>POSSUI UM REFORNO NO CENTRO DO DISCO PARA UMA MAIOR RENDIMENTO E DURABILIDADE<\/p>\n<p>UTILIZADO EM SERRA MARMORE<\/p>\n<p>CORTE SECO OU \u00daMIDO<\/p>\n<p>ALTA CONCENTRA\u00c7\u00c3O DE DIAMANTE.<\/p>\n<p>Especifica\u00e7\u00f5es t\u00e9cnicas:<\/p>\n<p>Di\u00e2metro: 4. 3\/8 (110mm)<\/p>\n<p>Di\u00e2metro do furo: 20mm<\/p>\n<p>M\u00e1x. RPM: 13,900<\/p>\n","protected":false},"excerpt":{"rendered":"<p>DISCO PARA CORTAR GRANITO, PORCELANATO,CONCRETO ,M\u00c1RMORE, PISOS E CE\u00c2MICAS EM GERAL. POSSUI UM REFORNO NO CENTRO DO DISCO PARA UMA&hellip;<\/p>\n","protected":false},"featured_media":1148,"template":"","meta":[],"product_cat":[24,28],"product_tag":[],"class_list":{"0":"post-1147","1":"product","2":"type-product","3":"status-publish","4":"has-post-thumbnail","6":"product_cat-ferramentas","7":"product_cat-piso-ceramico","9":"first","10":"instock","11":"shipping-taxable","12":"product-type-simple"},"_links":{"self":[{"href":"https:\/\/deposito.grupoboavistamg.com.br\/index.php?rest_route=\/wp\/v2\/product\/1147"}],"collection":[{"href":"https:\/\/deposito.grupoboavistamg.com.br\/index.php?rest_route=\/wp\/v2\/product"}],"about":[{"href":"https:\/\/deposito.grupoboavistamg.com.br\/index.php?rest_route=\/wp\/v2\/types\/product"}],"wp:featuredmedia":[{"embeddable":true,"href":"https:\/\/deposito.grupoboavistamg.com.br\/index.php?rest_route=\/wp\/v2\/media\/1148"}],"wp:attachment":[{"href":"https:\/\/deposito.grupoboavistamg.com.br\/index.php?rest_route=%2Fwp%2Fv2%2Fmedia&parent=1147"}],"wp:term":[{"taxonomy":"product_cat","embeddable":true,"href":"https:\/\/deposito.grupoboavistamg.com.br\/index.php?rest_route=%2Fwp%2Fv2%2Fproduct_cat&post=1147"},{"taxonomy":"product_tag","embeddable":true,"href":"https:\/\/deposito.grupoboavistamg.com.br\/index.php?rest_route=%2Fwp%2Fv2%2Fproduct_tag&post=1147"}],"curies":[{"name":"wp","href":"https:\/\/api.w.org\/{rel}","templated":true}]}}