{"id":1142,"date":"2024-10-22T15:52:40","date_gmt":"2024-10-22T15:52:40","guid":{"rendered":"https:\/\/deposito.grupoboavistamg.com.br\/?post_type=product&#038;p=1142"},"modified":"2024-10-22T15:52:46","modified_gmt":"2024-10-22T15:52:46","slug":"disco-diamante-azul-turbo-seco","status":"publish","type":"product","link":"https:\/\/deposito.grupoboavistamg.com.br\/?product=disco-diamante-azul-turbo-seco","title":{"rendered":"DISCO DIAMANTE AZUL TURBO SECO"},"content":{"rendered":"<p>DISCO PARA CONRTE EM GRANITO, CONCRETO, M\u00c1RMORE, ARD\u00d3SIA, AZULEIJOS, PISOS E CER\u00c2MICAS EM GERAL.<\/p>\n<p>UTILIZADO EM SERRA M\u00c1RMORE<\/p>\n<p>CORTE SECO OU UMIDO<\/p>\n<p>ALTA CONCENTRA\u00c7\u00c3O DE DIAMANTE<\/p>\n<p>ALTA DURABILIDADE<\/p>\n<p>ALTA RESIT\u00caNCIA<\/p>\n<p>Especifica\u00e7\u00f5es t\u00e9cnicas:<\/p>\n<p>Di\u00e2metro: 4. 1\/2 (105mm)<\/p>\n<p>Di\u00e2metro do furo: 20mm<\/p>\n<p>M\u00e1x. RPM: 13,900<\/p>\n<p>&nbsp;<\/p>\n","protected":false},"excerpt":{"rendered":"<p>DISCO PARA CONRTE EM GRANITO, CONCRETO, M\u00c1RMORE, ARD\u00d3SIA, AZULEIJOS, PISOS E CER\u00c2MICAS EM GERAL. UTILIZADO EM SERRA M\u00c1RMORE CORTE SECO&hellip;<\/p>\n","protected":false},"featured_media":1143,"template":"","meta":[],"product_cat":[24,28],"product_tag":[],"class_list":{"0":"post-1142","1":"product","2":"type-product","3":"status-publish","4":"has-post-thumbnail","6":"product_cat-ferramentas","7":"product_cat-piso-ceramico","9":"first","10":"instock","11":"shipping-taxable","12":"product-type-simple"},"_links":{"self":[{"href":"https:\/\/deposito.grupoboavistamg.com.br\/index.php?rest_route=\/wp\/v2\/product\/1142"}],"collection":[{"href":"https:\/\/deposito.grupoboavistamg.com.br\/index.php?rest_route=\/wp\/v2\/product"}],"about":[{"href":"https:\/\/deposito.grupoboavistamg.com.br\/index.php?rest_route=\/wp\/v2\/types\/product"}],"wp:featuredmedia":[{"embeddable":true,"href":"https:\/\/deposito.grupoboavistamg.com.br\/index.php?rest_route=\/wp\/v2\/media\/1143"}],"wp:attachment":[{"href":"https:\/\/deposito.grupoboavistamg.com.br\/index.php?rest_route=%2Fwp%2Fv2%2Fmedia&parent=1142"}],"wp:term":[{"taxonomy":"product_cat","embeddable":true,"href":"https:\/\/deposito.grupoboavistamg.com.br\/index.php?rest_route=%2Fwp%2Fv2%2Fproduct_cat&post=1142"},{"taxonomy":"product_tag","embeddable":true,"href":"https:\/\/deposito.grupoboavistamg.com.br\/index.php?rest_route=%2Fwp%2Fv2%2Fproduct_tag&post=1142"}],"curies":[{"name":"wp","href":"https:\/\/api.w.org\/{rel}","templated":true}]}}