{"id":1138,"date":"2024-10-22T15:26:22","date_gmt":"2024-10-22T15:26:22","guid":{"rendered":"https:\/\/deposito.grupoboavistamg.com.br\/?post_type=product&#038;p=1138"},"modified":"2024-10-22T15:26:22","modified_gmt":"2024-10-22T15:26:22","slug":"disco-diamante-azul-madeira-premium-graos-de-tungstenio","status":"publish","type":"product","link":"https:\/\/deposito.grupoboavistamg.com.br\/?product=disco-diamante-azul-madeira-premium-graos-de-tungstenio","title":{"rendered":"DISCO DIAMANTE AZUL MADEIRA PREMIUM GRAOS DE TUNGST\u00caNIO"},"content":{"rendered":"<p>DISCO PARA CORTE EM MADEIRAS DURAS, MADEIRAS MACIAS, COMPENSADO, MDF, MADEIRAS COM RES\u00cdDUOS DE CONCRETO E PREGO.<\/p>\n<p>UTILIZADO EM SERRA MARMORE<\/p>\n<p>POSSUI GR\u00c3OS DE TUNGST\u00caNIO, PARA UM CORTE MAIS SEGURO<\/p>\n<p>CORTE R\u00c1PIDO<\/p>\n<p>ALTA DURABILIDADE<\/p>\n<p>N\u00c3O USAR \u00c1GUA<\/p>\n<p>Especifica\u00e7\u00f5es t\u00e9cnicas:<\/p>\n<p>Di\u00e2metro: 4. 3\/8 (110mm)<\/p>\n<p>Di\u00e2metro do furo: 20mm<\/p>\n<p>M\u00e1x. RPM; 13.900<\/p>\n<p>&nbsp;<\/p>\n","protected":false},"excerpt":{"rendered":"<p>DISCO PARA CORTE EM MADEIRAS DURAS, MADEIRAS MACIAS, COMPENSADO, MDF, MADEIRAS COM RES\u00cdDUOS DE CONCRETO E PREGO. UTILIZADO EM SERRA&hellip;<\/p>\n","protected":false},"featured_media":1139,"template":"","meta":[],"product_cat":[24,56],"product_tag":[],"class_list":{"0":"post-1138","1":"product","2":"type-product","3":"status-publish","4":"has-post-thumbnail","6":"product_cat-ferramentas","7":"product_cat-madeira","9":"first","10":"instock","11":"shipping-taxable","12":"product-type-simple"},"_links":{"self":[{"href":"https:\/\/deposito.grupoboavistamg.com.br\/index.php?rest_route=\/wp\/v2\/product\/1138"}],"collection":[{"href":"https:\/\/deposito.grupoboavistamg.com.br\/index.php?rest_route=\/wp\/v2\/product"}],"about":[{"href":"https:\/\/deposito.grupoboavistamg.com.br\/index.php?rest_route=\/wp\/v2\/types\/product"}],"wp:featuredmedia":[{"embeddable":true,"href":"https:\/\/deposito.grupoboavistamg.com.br\/index.php?rest_route=\/wp\/v2\/media\/1139"}],"wp:attachment":[{"href":"https:\/\/deposito.grupoboavistamg.com.br\/index.php?rest_route=%2Fwp%2Fv2%2Fmedia&parent=1138"}],"wp:term":[{"taxonomy":"product_cat","embeddable":true,"href":"https:\/\/deposito.grupoboavistamg.com.br\/index.php?rest_route=%2Fwp%2Fv2%2Fproduct_cat&post=1138"},{"taxonomy":"product_tag","embeddable":true,"href":"https:\/\/deposito.grupoboavistamg.com.br\/index.php?rest_route=%2Fwp%2Fv2%2Fproduct_tag&post=1138"}],"curies":[{"name":"wp","href":"https:\/\/api.w.org\/{rel}","templated":true}]}}