{"id":1136,"date":"2024-10-22T15:18:53","date_gmt":"2024-10-22T15:18:53","guid":{"rendered":"https:\/\/deposito.grupoboavistamg.com.br\/?post_type=product&#038;p=1136"},"modified":"2024-10-22T15:18:53","modified_gmt":"2024-10-22T15:18:53","slug":"disco-diamante-azul-p-madeira-graos-de-tungstenio-p-esmerilhareira","status":"publish","type":"product","link":"https:\/\/deposito.grupoboavistamg.com.br\/?product=disco-diamante-azul-p-madeira-graos-de-tungstenio-p-esmerilhareira","title":{"rendered":"DISCO DIAMANTE AZUL P\/ MADEIRA GRAOS DE TUNGST\u00caNIO P ESMERILHAREIRA"},"content":{"rendered":"<p>DISCO PARA CORTE EM MADEIRA DURAS, MADEIRAS MACIAS, COMPENSADO, MDF, MADEIRAS COM RESIDUOS DE CONCRETO E PREGO.<\/p>\n<p>UTILIZADO EM ESMIRILHADEIRA<\/p>\n<p>POSSUI GR\u00c3OS DE TUNGST\u00caNIO, PARA UM CORET MAIS SEGURO<\/p>\n<p>CORTE R\u00c1PIDO<\/p>\n<p>ALTA RESIT\u00caNCIA<\/p>\n<p>ALTA DURABILIDADE<\/p>\n<p>N\u00c3O USAR \u00c1GUA<\/p>\n<p>Especifica\u00e7\u00f5es t\u00e9cnicas:<\/p>\n<p>Di\u00e2metro: 115 mm<\/p>\n<p>Di\u00e2metro do furo : 22,23 mm<\/p>\n<p>M\u00e1x. RPM :13,900<\/p>\n<p>&nbsp;<\/p>\n","protected":false},"excerpt":{"rendered":"<p>DISCO PARA CORTE EM MADEIRA DURAS, MADEIRAS MACIAS, COMPENSADO, MDF, MADEIRAS COM RESIDUOS DE CONCRETO E PREGO. UTILIZADO EM ESMIRILHADEIRA&hellip;<\/p>\n","protected":false},"featured_media":1137,"template":"","meta":[],"product_cat":[24,56],"product_tag":[],"class_list":{"0":"post-1136","1":"product","2":"type-product","3":"status-publish","4":"has-post-thumbnail","6":"product_cat-ferramentas","7":"product_cat-madeira","9":"first","10":"instock","11":"shipping-taxable","12":"product-type-simple"},"_links":{"self":[{"href":"https:\/\/deposito.grupoboavistamg.com.br\/index.php?rest_route=\/wp\/v2\/product\/1136"}],"collection":[{"href":"https:\/\/deposito.grupoboavistamg.com.br\/index.php?rest_route=\/wp\/v2\/product"}],"about":[{"href":"https:\/\/deposito.grupoboavistamg.com.br\/index.php?rest_route=\/wp\/v2\/types\/product"}],"wp:featuredmedia":[{"embeddable":true,"href":"https:\/\/deposito.grupoboavistamg.com.br\/index.php?rest_route=\/wp\/v2\/media\/1137"}],"wp:attachment":[{"href":"https:\/\/deposito.grupoboavistamg.com.br\/index.php?rest_route=%2Fwp%2Fv2%2Fmedia&parent=1136"}],"wp:term":[{"taxonomy":"product_cat","embeddable":true,"href":"https:\/\/deposito.grupoboavistamg.com.br\/index.php?rest_route=%2Fwp%2Fv2%2Fproduct_cat&post=1136"},{"taxonomy":"product_tag","embeddable":true,"href":"https:\/\/deposito.grupoboavistamg.com.br\/index.php?rest_route=%2Fwp%2Fv2%2Fproduct_tag&post=1136"}],"curies":[{"name":"wp","href":"https:\/\/api.w.org\/{rel}","templated":true}]}}