{"id":1134,"date":"2024-10-22T15:01:17","date_gmt":"2024-10-22T15:01:17","guid":{"rendered":"https:\/\/deposito.grupoboavistamg.com.br\/?post_type=product&#038;p=1134"},"modified":"2024-10-22T15:27:32","modified_gmt":"2024-10-22T15:27:32","slug":"disco-diamante-azul-serra-c-videa-p-madeira-24-dentes","status":"publish","type":"product","link":"https:\/\/deposito.grupoboavistamg.com.br\/?product=disco-diamante-azul-serra-c-videa-p-madeira-24-dentes","title":{"rendered":"DISCO DIAMANTE AZUL SERRA C\/ VIDEA P\/ MADEIRA 24 DENTES"},"content":{"rendered":"<p>DISCO COM VIDEA PARA CORTE DE MADEIRAS, CHAPAS, L\u00c2MINAS, AGLOMERADOS, MDF.<\/p>\n<p>UTILIZADO EM SERRA M\u00c1RMORE<\/p>\n<p>RAPIDEZ NO CORTE<\/p>\n<p>ALTA DURABILIDADE<\/p>\n<p>ALTA RESIST\u00caNCIA<\/p>\n<p>Especifica\u00e7\u00f5es t\u00e9cnicas:<\/p>\n<p>Di\u00e2metro:4. 3\/8 (110mm)<\/p>\n<p>Di\u00e2metro do furo: 20mm<\/p>\n<p>Dentes: 24<\/p>\n<p>Max. RPM: 13,900<\/p>\n<p>Fabricado em a\u00e7o carbono<\/p>\n<p>&nbsp;<\/p>\n<p>&nbsp;<\/p>\n","protected":false},"excerpt":{"rendered":"<p>DISCO COM VIDEA PARA CORTE DE MADEIRAS, CHAPAS, L\u00c2MINAS, AGLOMERADOS, MDF. UTILIZADO EM SERRA M\u00c1RMORE RAPIDEZ NO CORTE ALTA DURABILIDADE&hellip;<\/p>\n","protected":false},"featured_media":1135,"template":"","meta":[],"product_cat":[24,56],"product_tag":[],"class_list":{"0":"post-1134","1":"product","2":"type-product","3":"status-publish","4":"has-post-thumbnail","6":"product_cat-ferramentas","7":"product_cat-madeira","9":"first","10":"instock","11":"shipping-taxable","12":"product-type-simple"},"_links":{"self":[{"href":"https:\/\/deposito.grupoboavistamg.com.br\/index.php?rest_route=\/wp\/v2\/product\/1134"}],"collection":[{"href":"https:\/\/deposito.grupoboavistamg.com.br\/index.php?rest_route=\/wp\/v2\/product"}],"about":[{"href":"https:\/\/deposito.grupoboavistamg.com.br\/index.php?rest_route=\/wp\/v2\/types\/product"}],"wp:featuredmedia":[{"embeddable":true,"href":"https:\/\/deposito.grupoboavistamg.com.br\/index.php?rest_route=\/wp\/v2\/media\/1135"}],"wp:attachment":[{"href":"https:\/\/deposito.grupoboavistamg.com.br\/index.php?rest_route=%2Fwp%2Fv2%2Fmedia&parent=1134"}],"wp:term":[{"taxonomy":"product_cat","embeddable":true,"href":"https:\/\/deposito.grupoboavistamg.com.br\/index.php?rest_route=%2Fwp%2Fv2%2Fproduct_cat&post=1134"},{"taxonomy":"product_tag","embeddable":true,"href":"https:\/\/deposito.grupoboavistamg.com.br\/index.php?rest_route=%2Fwp%2Fv2%2Fproduct_tag&post=1134"}],"curies":[{"name":"wp","href":"https:\/\/api.w.org\/{rel}","templated":true}]}}