{"id":1131,"date":"2024-10-22T14:40:48","date_gmt":"2024-10-22T14:40:48","guid":{"rendered":"https:\/\/deposito.grupoboavistamg.com.br\/?post_type=product&#038;p=1131"},"modified":"2024-10-22T14:40:48","modified_gmt":"2024-10-22T14:40:48","slug":"disco-diamnte-azul-turbo-seco-115mm-p-esmirilhadeira-22-23mm","status":"publish","type":"product","link":"https:\/\/deposito.grupoboavistamg.com.br\/?product=disco-diamnte-azul-turbo-seco-115mm-p-esmirilhadeira-22-23mm","title":{"rendered":"DISCO DIAMNTE AZUL TURBO SECO 115MM P\/ ESMIRILHADEIRA 22.23MM"},"content":{"rendered":"<p>DISCO PAR CORTE EM GRANITO, M\u00c1RMORE, ARD\u00d3SIA, AZULEIJOS, PISOS E CER\u00c2MICAS EM GERAL.<\/p>\n<p>UTILISADO EM ESMIRILHADEIRA E LIXADEIRA CORTE SECO OU UMIDO.<\/p>\n<p>ALTA CONCENTRA\u00c7\u00c3O DE DIAMANTE<\/p>\n<p>ALTA DURABILIDADE<\/p>\n<p>ALTA RESIT\u00caNCIA.<\/p>\n<p>Especifica\u00e7\u00f5es t\u00e9cnicas:<\/p>\n<p>Di\u00e2metro: 115mm<\/p>\n<p>di\u00e2metro do furo: 22.23mm<\/p>\n<p>Max. RPM 13,300<\/p>\n","protected":false},"excerpt":{"rendered":"<p>DISCO PAR CORTE EM GRANITO, M\u00c1RMORE, ARD\u00d3SIA, AZULEIJOS, PISOS E CER\u00c2MICAS EM GERAL. UTILISADO EM ESMIRILHADEIRA E LIXADEIRA CORTE SECO&hellip;<\/p>\n","protected":false},"featured_media":1132,"template":"","meta":[],"product_cat":[24,28],"product_tag":[],"class_list":{"0":"post-1131","1":"product","2":"type-product","3":"status-publish","4":"has-post-thumbnail","6":"product_cat-ferramentas","7":"product_cat-piso-ceramico","9":"first","10":"instock","11":"shipping-taxable","12":"product-type-simple"},"_links":{"self":[{"href":"https:\/\/deposito.grupoboavistamg.com.br\/index.php?rest_route=\/wp\/v2\/product\/1131"}],"collection":[{"href":"https:\/\/deposito.grupoboavistamg.com.br\/index.php?rest_route=\/wp\/v2\/product"}],"about":[{"href":"https:\/\/deposito.grupoboavistamg.com.br\/index.php?rest_route=\/wp\/v2\/types\/product"}],"wp:featuredmedia":[{"embeddable":true,"href":"https:\/\/deposito.grupoboavistamg.com.br\/index.php?rest_route=\/wp\/v2\/media\/1132"}],"wp:attachment":[{"href":"https:\/\/deposito.grupoboavistamg.com.br\/index.php?rest_route=%2Fwp%2Fv2%2Fmedia&parent=1131"}],"wp:term":[{"taxonomy":"product_cat","embeddable":true,"href":"https:\/\/deposito.grupoboavistamg.com.br\/index.php?rest_route=%2Fwp%2Fv2%2Fproduct_cat&post=1131"},{"taxonomy":"product_tag","embeddable":true,"href":"https:\/\/deposito.grupoboavistamg.com.br\/index.php?rest_route=%2Fwp%2Fv2%2Fproduct_tag&post=1131"}],"curies":[{"name":"wp","href":"https:\/\/api.w.org\/{rel}","templated":true}]}}