{"id":1129,"date":"2024-10-22T14:21:20","date_gmt":"2024-10-22T14:21:20","guid":{"rendered":"https:\/\/deposito.grupoboavistamg.com.br\/?post_type=product&#038;p=1129"},"modified":"2024-10-22T15:30:48","modified_gmt":"2024-10-22T15:30:48","slug":"disco-diamante-azul-segmentado-seco-7-p","status":"publish","type":"product","link":"https:\/\/deposito.grupoboavistamg.com.br\/?product=disco-diamante-azul-segmentado-seco-7-p","title":{"rendered":"DISCO DIAMANTE AZUL SEGMENTADO SECO 7 P"},"content":{"rendered":"<p>DISCO PARA CORTE EM CONCRETO, PAREDES, GRANITO, M\u00c1RMORE, ARD\u00d3SIA, AZULEIJOS E CER\u00c2MICAS.<\/p>\n<p>Especifica\u00e7\u00f5es t\u00e9cnicas:<\/p>\n<p>Di\u00e2metro: 7&#8243; (180 mm)<\/p>\n<p>di\u00e2metro do furo: 25.4mm(1&#8243;)-22,23mm<\/p>\n","protected":false},"excerpt":{"rendered":"<p>DISCO PARA CORTE EM CONCRETO, PAREDES, GRANITO, M\u00c1RMORE, ARD\u00d3SIA, AZULEIJOS E CER\u00c2MICAS. Especifica\u00e7\u00f5es t\u00e9cnicas: Di\u00e2metro: 7&#8243; (180 mm) di\u00e2metro do&hellip;<\/p>\n","protected":false},"featured_media":1130,"template":"","meta":[],"product_cat":[24,28],"product_tag":[],"class_list":{"0":"post-1129","1":"product","2":"type-product","3":"status-publish","4":"has-post-thumbnail","6":"product_cat-ferramentas","7":"product_cat-piso-ceramico","9":"first","10":"instock","11":"shipping-taxable","12":"product-type-simple"},"_links":{"self":[{"href":"https:\/\/deposito.grupoboavistamg.com.br\/index.php?rest_route=\/wp\/v2\/product\/1129"}],"collection":[{"href":"https:\/\/deposito.grupoboavistamg.com.br\/index.php?rest_route=\/wp\/v2\/product"}],"about":[{"href":"https:\/\/deposito.grupoboavistamg.com.br\/index.php?rest_route=\/wp\/v2\/types\/product"}],"wp:featuredmedia":[{"embeddable":true,"href":"https:\/\/deposito.grupoboavistamg.com.br\/index.php?rest_route=\/wp\/v2\/media\/1130"}],"wp:attachment":[{"href":"https:\/\/deposito.grupoboavistamg.com.br\/index.php?rest_route=%2Fwp%2Fv2%2Fmedia&parent=1129"}],"wp:term":[{"taxonomy":"product_cat","embeddable":true,"href":"https:\/\/deposito.grupoboavistamg.com.br\/index.php?rest_route=%2Fwp%2Fv2%2Fproduct_cat&post=1129"},{"taxonomy":"product_tag","embeddable":true,"href":"https:\/\/deposito.grupoboavistamg.com.br\/index.php?rest_route=%2Fwp%2Fv2%2Fproduct_tag&post=1129"}],"curies":[{"name":"wp","href":"https:\/\/api.w.org\/{rel}","templated":true}]}}