{"id":1126,"date":"2024-10-22T14:09:11","date_gmt":"2024-10-22T14:09:11","guid":{"rendered":"https:\/\/deposito.grupoboavistamg.com.br\/?post_type=product&#038;p=1126"},"modified":"2024-10-22T15:31:49","modified_gmt":"2024-10-22T15:31:49","slug":"disco-diamante-azul-tubo-seco-7-p","status":"publish","type":"product","link":"https:\/\/deposito.grupoboavistamg.com.br\/?product=disco-diamante-azul-tubo-seco-7-p","title":{"rendered":"DISCO DIAMANTE AZUL TUBO SECO 7 P"},"content":{"rendered":"<p>DISCO DE CORTE EM GRANITO, CONCRETO, M\u00c1RMORE, ARD\u00d3SIA, AZULEIJOS E CER\u00c2MICAS.<\/p>\n<p>Especifica\u00e7\u00f5es t\u00e9cnicas:<\/p>\n<p>Di\u00e2metro: 7 (180mm)<\/p>\n<p>Di\u00e2metro\u00a0 do furo: 25.4mm(1&#8243;) -22,23 mm<\/p>\n<p>&nbsp;<\/p>\n","protected":false},"excerpt":{"rendered":"<p>DISCO DE CORTE EM GRANITO, CONCRETO, M\u00c1RMORE, ARD\u00d3SIA, AZULEIJOS E CER\u00c2MICAS. Especifica\u00e7\u00f5es t\u00e9cnicas: Di\u00e2metro: 7 (180mm) Di\u00e2metro\u00a0 do furo: 25.4mm(1&#8243;)&hellip;<\/p>\n","protected":false},"featured_media":1127,"template":"","meta":[],"product_cat":[57,24],"product_tag":[],"class_list":{"0":"post-1126","1":"product","2":"type-product","3":"status-publish","4":"has-post-thumbnail","6":"product_cat-concreto","7":"product_cat-ferramentas","9":"first","10":"instock","11":"shipping-taxable","12":"product-type-simple"},"_links":{"self":[{"href":"https:\/\/deposito.grupoboavistamg.com.br\/index.php?rest_route=\/wp\/v2\/product\/1126"}],"collection":[{"href":"https:\/\/deposito.grupoboavistamg.com.br\/index.php?rest_route=\/wp\/v2\/product"}],"about":[{"href":"https:\/\/deposito.grupoboavistamg.com.br\/index.php?rest_route=\/wp\/v2\/types\/product"}],"wp:featuredmedia":[{"embeddable":true,"href":"https:\/\/deposito.grupoboavistamg.com.br\/index.php?rest_route=\/wp\/v2\/media\/1127"}],"wp:attachment":[{"href":"https:\/\/deposito.grupoboavistamg.com.br\/index.php?rest_route=%2Fwp%2Fv2%2Fmedia&parent=1126"}],"wp:term":[{"taxonomy":"product_cat","embeddable":true,"href":"https:\/\/deposito.grupoboavistamg.com.br\/index.php?rest_route=%2Fwp%2Fv2%2Fproduct_cat&post=1126"},{"taxonomy":"product_tag","embeddable":true,"href":"https:\/\/deposito.grupoboavistamg.com.br\/index.php?rest_route=%2Fwp%2Fv2%2Fproduct_tag&post=1126"}],"curies":[{"name":"wp","href":"https:\/\/api.w.org\/{rel}","templated":true}]}}