{"id":1124,"date":"2024-10-22T14:02:23","date_gmt":"2024-10-22T14:02:23","guid":{"rendered":"https:\/\/deposito.grupoboavistamg.com.br\/?post_type=product&#038;p=1124"},"modified":"2024-10-22T15:32:17","modified_gmt":"2024-10-22T15:32:17","slug":"disco-erra-videa-7-1-4-24-dentes-diamante-azul","status":"publish","type":"product","link":"https:\/\/deposito.grupoboavistamg.com.br\/?product=disco-erra-videa-7-1-4-24-dentes-diamante-azul","title":{"rendered":"DISCO SERRA VIDEA 7 1\/4 24 DENTES DIAMANTE AZUL"},"content":{"rendered":"<p>SERRA DE CORTE PARA MADEIRA<\/p>\n<p>Especifica\u00e7\u00f5es t\u00e9cnicas:<\/p>\n<p>Tamanho:\u00a0 7\u00a0 1\/4 (180 mm)<\/p>\n<p>Furo: 20 mm<\/p>\n<p>Dentes: 24<\/p>\n<p>Espessura: 1.6 mm<\/p>\n","protected":false},"excerpt":{"rendered":"<p>SERRA DE CORTE PARA MADEIRA Especifica\u00e7\u00f5es t\u00e9cnicas: Tamanho:\u00a0 7\u00a0 1\/4 (180 mm) Furo: 20 mm Dentes: 24 Espessura: 1.6 mm<\/p>\n","protected":false},"featured_media":1125,"template":"","meta":[],"product_cat":[24,56],"product_tag":[],"class_list":{"0":"post-1124","1":"product","2":"type-product","3":"status-publish","4":"has-post-thumbnail","6":"product_cat-ferramentas","7":"product_cat-madeira","9":"first","10":"instock","11":"shipping-taxable","12":"product-type-simple"},"_links":{"self":[{"href":"https:\/\/deposito.grupoboavistamg.com.br\/index.php?rest_route=\/wp\/v2\/product\/1124"}],"collection":[{"href":"https:\/\/deposito.grupoboavistamg.com.br\/index.php?rest_route=\/wp\/v2\/product"}],"about":[{"href":"https:\/\/deposito.grupoboavistamg.com.br\/index.php?rest_route=\/wp\/v2\/types\/product"}],"wp:featuredmedia":[{"embeddable":true,"href":"https:\/\/deposito.grupoboavistamg.com.br\/index.php?rest_route=\/wp\/v2\/media\/1125"}],"wp:attachment":[{"href":"https:\/\/deposito.grupoboavistamg.com.br\/index.php?rest_route=%2Fwp%2Fv2%2Fmedia&parent=1124"}],"wp:term":[{"taxonomy":"product_cat","embeddable":true,"href":"https:\/\/deposito.grupoboavistamg.com.br\/index.php?rest_route=%2Fwp%2Fv2%2Fproduct_cat&post=1124"},{"taxonomy":"product_tag","embeddable":true,"href":"https:\/\/deposito.grupoboavistamg.com.br\/index.php?rest_route=%2Fwp%2Fv2%2Fproduct_tag&post=1124"}],"curies":[{"name":"wp","href":"https:\/\/api.w.org\/{rel}","templated":true}]}}