{"id":1109,"date":"2024-10-15T11:40:08","date_gmt":"2024-10-15T11:40:08","guid":{"rendered":"https:\/\/deposito.grupoboavistamg.com.br\/?post_type=product&#038;p=1109"},"modified":"2024-10-15T11:40:08","modified_gmt":"2024-10-15T11:40:08","slug":"pu-40-400gb-cores","status":"publish","type":"product","link":"https:\/\/deposito.grupoboavistamg.com.br\/?product=pu-40-400gb-cores","title":{"rendered":"PU 40 400GB CORES"},"content":{"rendered":"<h2 class=\"ui-pdp-description__title\">Descri\u00e7\u00e3o<\/h2>\n<p class=\"ui-pdp-description__content\">SELANTE PU 40 USO GERAL<\/p>\n<p>DESCRI\u00c7\u00c3O<br \/>\nSelante a base de pol\u00edmero h\u00edbrido com silanos modificados que cura ao entrar em contato com o ar. Usado na constru\u00e7\u00e3o civil para juntas de movimenta\u00e7\u00e3o em geral, pr\u00e9-moldados, esquadrias, ar-condicionado, calhas, rufos, pisos industriais, fachadas, rodap\u00e9s, etc.<\/p>\n<p>CARACTER\u00cdSTICAS<br \/>\n\u2022 Aplica\u00e7\u00e3o r\u00e1pida;<br \/>\n\u2022 \u00d3tima ader\u00eancia, incluindo em superf\u00edcies \u00famidas;<br \/>\n\u2022 Adequado para colagem de calhas, rufos e juntas de conex\u00f5es.<br \/>\n\u2022 \u00d3tima resist\u00eancia ao intemperismo e envelhecimento.<br \/>\n\u2022 Resiste ap\u00f3s curado a varia\u00e7\u00f5es de &#8211; 20\u00b0C a 120\u00b0C;<br \/>\n\u2022 Boa resist\u00eancia a subst\u00e2ncias qu\u00edmicas.<br \/>\n\u2022 Apresenta excelente adesividade, elasticidade e resist\u00eancia ao rasgamento.<\/p>\n<p>FICHA TECNICA:<br \/>\n-Conte\u00fado 230ml\/400g<br \/>\n&#8211; Base de pol\u00edmero h\u00edbrido.<\/p>\n<p>INDICA\u00c7\u00d5ES<br \/>\n\u2022 Colagem, selagem, veda\u00e7\u00e3o e acabamento em telhados, calhas e rufos, entre outras veda\u00e7\u00f5es;<br \/>\n\u2022 Uni\u00e3o de diversos substratos como: a\u00e7o, alum\u00ednio, vidro, a\u00e7o galvanizado, fibra de vidro, pl\u00e1stico, zinco, materiais cer\u00e2micos.<\/p>\n<p>APLICA\u00c7\u00c3O<br \/>\nPode ser aplicada com pistola manual ou pneum\u00e1tica. As superf\u00edcies a serem vedadas devem estar secas, limpas e desengorduras. Aplicar o produto com temperatura entre +5\u00b0C e +40\u00b0C. Use fita crepe para proteger as \u00e1reas onde n\u00e3o se quer aplica\u00e7\u00e3o do selante. Deve-se ter a certeza que o selante teve contato com ambas as faces. Evite aplicar o selante em juntas de dilata\u00e7\u00e3o ap\u00f3s as 10:00h, devido \u00e0 expans\u00e3o da junta. Deixe secar por 2 horas antes da pintura. O cord\u00e3o aplicado deve ser uniforme e possuir no m\u00ednimo 3 mm de espessura.<\/p>\n<p>LIMITA\u00c7\u00d5ES<br \/>\nNos sistemas de pintura n\u00e3o flex\u00edveis os selantes podem ser afetados quanto a sua elasticidade.<br \/>\n\u2022 Podem ocorrer varia\u00e7\u00f5es de cor devido a exposi\u00e7\u00e3o da tinta a subst\u00e2ncias qu\u00edmicas presentes no selante ou radia\u00e7\u00e3o UV especialmente em cores claras, no entanto a altera\u00e7\u00e3o de cor \u00e9 puramente de natureza est\u00e9tica, n\u00e3o alterando as caracter\u00edsticas da tinta.<br \/>\n\u2022 N\u00e3o utilize este produto em substratos Betuminosos, borracha natural, EDPM ou sobre qualquer substrato que possam migrar \u00f3leos, plastificantes ou solventes que possam atacar o selante.<br \/>\nN\u00e3o utilize este produto em juntas de reservat\u00f3rios de \u00e1gua que contenham cloro n\u00e3o natural (ex. Piscinas).<br \/>\n\u2022 Para aplica\u00e7\u00f5es especiais consulte nosso departamento t\u00e9cnico.<\/p>\n","protected":false},"excerpt":{"rendered":"<p>Descri\u00e7\u00e3o SELANTE PU 40 USO GERAL DESCRI\u00c7\u00c3O Selante a base de pol\u00edmero h\u00edbrido com silanos modificados que cura ao entrar&hellip;<\/p>\n","protected":false},"featured_media":1110,"template":"","meta":[],"product_cat":[43],"product_tag":[],"class_list":{"0":"post-1109","1":"product","2":"type-product","3":"status-publish","4":"has-post-thumbnail","6":"product_cat-adesivo","8":"first","9":"instock","10":"shipping-taxable","11":"product-type-simple"},"_links":{"self":[{"href":"https:\/\/deposito.grupoboavistamg.com.br\/index.php?rest_route=\/wp\/v2\/product\/1109"}],"collection":[{"href":"https:\/\/deposito.grupoboavistamg.com.br\/index.php?rest_route=\/wp\/v2\/product"}],"about":[{"href":"https:\/\/deposito.grupoboavistamg.com.br\/index.php?rest_route=\/wp\/v2\/types\/product"}],"wp:featuredmedia":[{"embeddable":true,"href":"https:\/\/deposito.grupoboavistamg.com.br\/index.php?rest_route=\/wp\/v2\/media\/1110"}],"wp:attachment":[{"href":"https:\/\/deposito.grupoboavistamg.com.br\/index.php?rest_route=%2Fwp%2Fv2%2Fmedia&parent=1109"}],"wp:term":[{"taxonomy":"product_cat","embeddable":true,"href":"https:\/\/deposito.grupoboavistamg.com.br\/index.php?rest_route=%2Fwp%2Fv2%2Fproduct_cat&post=1109"},{"taxonomy":"product_tag","embeddable":true,"href":"https:\/\/deposito.grupoboavistamg.com.br\/index.php?rest_route=%2Fwp%2Fv2%2Fproduct_tag&post=1109"}],"curies":[{"name":"wp","href":"https:\/\/api.w.org\/{rel}","templated":true}]}}