{"id":1107,"date":"2024-10-15T11:36:34","date_gmt":"2024-10-15T11:36:34","guid":{"rendered":"https:\/\/deposito.grupoboavistamg.com.br\/?post_type=product&#038;p=1107"},"modified":"2024-10-15T11:53:03","modified_gmt":"2024-10-15T11:53:03","slug":"lixa-dagua-ferro-todas-as-gramaturas","status":"publish","type":"product","link":"https:\/\/deposito.grupoboavistamg.com.br\/?product=lixa-dagua-ferro-todas-as-gramaturas","title":{"rendered":"LIXA D&#8217;AGUA, FERRO TODAS AS GRAMATURAS"},"content":{"rendered":"<div class=\"product-information_title-box flex active\">\n<h2 class=\"product-information_title flex w-full justify-between cursor-pointer\">Descri\u00e7\u00e3o do Produto<\/h2>\n<\/div>\n<div class=\"tab-wrapper product-information_wrapper hidden active\">\n<div class=\"product-information_content\">&#8211; Lixa\u00a0 \u00e9 indicado para lixamento de metais em opera\u00e7\u00f5es de grande remo\u00e7\u00e3o de materiais;<br \/>\n&#8211; Indicado para limpeza e remo\u00e7\u00e3o completa de oxida\u00e7\u00f5es, tintas e vernizes;<br \/>\n&#8211; Com grande acabamento em massa pl\u00e1stica e nivelamento de superf\u00edcies;Caracter\u00edsticas:<br \/>\n&#8211; Costado de alta resist\u00eancia;<br \/>\n&#8211; Com excelente remo\u00e7\u00e3o;<\/p>\n<\/div>\n<\/div>\n","protected":false},"excerpt":{"rendered":"<p>Descri\u00e7\u00e3o do Produto &#8211; Lixa\u00a0 \u00e9 indicado para lixamento de metais em opera\u00e7\u00f5es de grande remo\u00e7\u00e3o de materiais; &#8211; Indicado&hellip;<\/p>\n","protected":false},"featured_media":1108,"template":"","meta":[],"product_cat":[15,49],"product_tag":[],"class_list":{"0":"post-1107","1":"product","2":"type-product","3":"status-publish","4":"has-post-thumbnail","6":"product_cat-sem-categoria","7":"product_cat-lixa","9":"first","10":"instock","11":"shipping-taxable","12":"product-type-simple"},"_links":{"self":[{"href":"https:\/\/deposito.grupoboavistamg.com.br\/index.php?rest_route=\/wp\/v2\/product\/1107"}],"collection":[{"href":"https:\/\/deposito.grupoboavistamg.com.br\/index.php?rest_route=\/wp\/v2\/product"}],"about":[{"href":"https:\/\/deposito.grupoboavistamg.com.br\/index.php?rest_route=\/wp\/v2\/types\/product"}],"wp:featuredmedia":[{"embeddable":true,"href":"https:\/\/deposito.grupoboavistamg.com.br\/index.php?rest_route=\/wp\/v2\/media\/1108"}],"wp:attachment":[{"href":"https:\/\/deposito.grupoboavistamg.com.br\/index.php?rest_route=%2Fwp%2Fv2%2Fmedia&parent=1107"}],"wp:term":[{"taxonomy":"product_cat","embeddable":true,"href":"https:\/\/deposito.grupoboavistamg.com.br\/index.php?rest_route=%2Fwp%2Fv2%2Fproduct_cat&post=1107"},{"taxonomy":"product_tag","embeddable":true,"href":"https:\/\/deposito.grupoboavistamg.com.br\/index.php?rest_route=%2Fwp%2Fv2%2Fproduct_tag&post=1107"}],"curies":[{"name":"wp","href":"https:\/\/api.w.org\/{rel}","templated":true}]}}