{"id":1105,"date":"2024-10-15T11:03:37","date_gmt":"2024-10-15T11:03:37","guid":{"rendered":"https:\/\/deposito.grupoboavistamg.com.br\/?post_type=product&#038;p=1105"},"modified":"2024-10-15T11:05:08","modified_gmt":"2024-10-15T11:05:08","slug":"papelao-salva-piso-c-bolha-15-e-25-metros","status":"publish","type":"product","link":"https:\/\/deposito.grupoboavistamg.com.br\/?product=papelao-salva-piso-c-bolha-15-e-25-metros","title":{"rendered":"PAPELAO SALVA PISO C\/BOLHA 15 E 25 METROS"},"content":{"rendered":"<p><strong>Caracter\u00edsticas:<\/strong><\/p>\n<p><strong>&#8211; Cobertura Total:<\/strong>\u00a0Protege at\u00e9 30m\u00b2 de piso, sendo perfeito para \u00e1reas amplas como salas, corredores e cozinhas.<br \/>\n<strong>&#8211; Resist\u00eancia a Impactos e Arranh\u00f5es:<\/strong>\u00a0Fabricada com material de alta qualidade, essa prote\u00e7\u00e3o \u00e9 projetada para suportar quedas de ferramentas, res\u00edduos de constru\u00e7\u00e3o e movimenta\u00e7\u00e3o intensa.<br \/>\n<strong>&#8211; F\u00e1cil de Aplicar e Remover:<\/strong>\u00a0Pr\u00e1tica de instalar e remover, sem danificar ou deixar res\u00edduos no piso, oferecendo agilidade no processo de reforma ou mudan\u00e7a.<\/p>\n","protected":false},"excerpt":{"rendered":"<p>Caracter\u00edsticas: &#8211; Cobertura Total:\u00a0Protege at\u00e9 30m\u00b2 de piso, sendo perfeito para \u00e1reas amplas como salas, corredores e cozinhas. &#8211; Resist\u00eancia&hellip;<\/p>\n","protected":false},"featured_media":1106,"template":"","meta":[],"product_cat":[54],"product_tag":[],"class_list":{"0":"post-1105","1":"product","2":"type-product","3":"status-publish","4":"has-post-thumbnail","6":"product_cat-salva-piso","8":"first","9":"instock","10":"shipping-taxable","11":"product-type-simple"},"_links":{"self":[{"href":"https:\/\/deposito.grupoboavistamg.com.br\/index.php?rest_route=\/wp\/v2\/product\/1105"}],"collection":[{"href":"https:\/\/deposito.grupoboavistamg.com.br\/index.php?rest_route=\/wp\/v2\/product"}],"about":[{"href":"https:\/\/deposito.grupoboavistamg.com.br\/index.php?rest_route=\/wp\/v2\/types\/product"}],"wp:featuredmedia":[{"embeddable":true,"href":"https:\/\/deposito.grupoboavistamg.com.br\/index.php?rest_route=\/wp\/v2\/media\/1106"}],"wp:attachment":[{"href":"https:\/\/deposito.grupoboavistamg.com.br\/index.php?rest_route=%2Fwp%2Fv2%2Fmedia&parent=1105"}],"wp:term":[{"taxonomy":"product_cat","embeddable":true,"href":"https:\/\/deposito.grupoboavistamg.com.br\/index.php?rest_route=%2Fwp%2Fv2%2Fproduct_cat&post=1105"},{"taxonomy":"product_tag","embeddable":true,"href":"https:\/\/deposito.grupoboavistamg.com.br\/index.php?rest_route=%2Fwp%2Fv2%2Fproduct_tag&post=1105"}],"curies":[{"name":"wp","href":"https:\/\/api.w.org\/{rel}","templated":true}]}}