{"id":1103,"date":"2024-10-15T11:00:37","date_gmt":"2024-10-15T11:00:37","guid":{"rendered":"https:\/\/deposito.grupoboavistamg.com.br\/?post_type=product&#038;p=1103"},"modified":"2024-10-15T11:00:49","modified_gmt":"2024-10-15T11:00:49","slug":"porta-prancheta-todos-os-tamanhos-esquerda-e-direita","status":"publish","type":"product","link":"https:\/\/deposito.grupoboavistamg.com.br\/?product=porta-prancheta-todos-os-tamanhos-esquerda-e-direita","title":{"rendered":"PORTA PRANCHETA TODOS OS TAMANHOS ESQUERDA E DIREITA"},"content":{"rendered":"<div class=\"cav--c-lesPJm cav--c-lesPJm-ijxRAPk-css\"><span class=\"cav--c-gNPphv cav--c-dFndkt\">Descri\u00e7\u00e3o<\/span><\/div>\n<div class=\"cav--c-lesPJm cav--c-lesPJm-ijxRAPk-css\"><span class=\"cav--c-gNPphv cav--c-gNPphv-hyvuql-weight-bold\">Folha de Porta Madeira Lisa 210x80cm Espessura 3,5cm Melam\u00ednica MGM<\/span><\/div>\n<div class=\"cav--c-lesPJm cav--c-lesPJm-ijxRAPk-css\">\n<div class=\"cav--c-gNPphv cav--c-gNPphv-fekvRC-textStyle-bodyMediumRegular cav--c-gNPphv-igBCBxe-css\">Porta de Madeira MGM possui o requadro em madeira de reflorestamento. Possuem um refor\u00e7o em madeira bilateral centralizado para a coloca\u00e7\u00e3o de fechadura. O enchimento \u00e9 feito com colm\u00e9ia Honeycomb (Tecnologia Americana) produzido com papel semi-kraft com 160 folhas, garantindo uma resist\u00eancia maior ap\u00f3s colagem da chapa de acabamento (Duratex). Seu fabricante \u00e9 uma das maiores empresas do ramo, o que dispensa coment\u00e1rios sobre a qualidade da mesma.<\/div>\n<\/div>\n","protected":false},"excerpt":{"rendered":"<p>Descri\u00e7\u00e3o Folha de Porta Madeira Lisa 210x80cm Espessura 3,5cm Melam\u00ednica MGM Porta de Madeira MGM possui o requadro em madeira&hellip;<\/p>\n","protected":false},"featured_media":1104,"template":"","meta":[],"product_cat":[53],"product_tag":[],"class_list":{"0":"post-1103","1":"product","2":"type-product","3":"status-publish","4":"has-post-thumbnail","6":"product_cat-porta","8":"first","9":"instock","10":"shipping-taxable","11":"product-type-simple"},"_links":{"self":[{"href":"https:\/\/deposito.grupoboavistamg.com.br\/index.php?rest_route=\/wp\/v2\/product\/1103"}],"collection":[{"href":"https:\/\/deposito.grupoboavistamg.com.br\/index.php?rest_route=\/wp\/v2\/product"}],"about":[{"href":"https:\/\/deposito.grupoboavistamg.com.br\/index.php?rest_route=\/wp\/v2\/types\/product"}],"wp:featuredmedia":[{"embeddable":true,"href":"https:\/\/deposito.grupoboavistamg.com.br\/index.php?rest_route=\/wp\/v2\/media\/1104"}],"wp:attachment":[{"href":"https:\/\/deposito.grupoboavistamg.com.br\/index.php?rest_route=%2Fwp%2Fv2%2Fmedia&parent=1103"}],"wp:term":[{"taxonomy":"product_cat","embeddable":true,"href":"https:\/\/deposito.grupoboavistamg.com.br\/index.php?rest_route=%2Fwp%2Fv2%2Fproduct_cat&post=1103"},{"taxonomy":"product_tag","embeddable":true,"href":"https:\/\/deposito.grupoboavistamg.com.br\/index.php?rest_route=%2Fwp%2Fv2%2Fproduct_tag&post=1103"}],"curies":[{"name":"wp","href":"https:\/\/api.w.org\/{rel}","templated":true}]}}