{"id":1094,"date":"2024-10-14T12:58:19","date_gmt":"2024-10-14T12:58:19","guid":{"rendered":"https:\/\/deposito.grupoboavistamg.com.br\/?post_type=product&#038;p=1094"},"modified":"2024-10-14T12:58:19","modified_gmt":"2024-10-14T12:58:19","slug":"porta-aluminio-veneza-trabalhamos-com-todas-as-dimensoes","status":"publish","type":"product","link":"https:\/\/deposito.grupoboavistamg.com.br\/?product=porta-aluminio-veneza-trabalhamos-com-todas-as-dimensoes","title":{"rendered":"porta alum\u00ednio Veneza trabalhamos com todas as dimens\u00f5es"},"content":{"rendered":"<div class=\"product-sub-title\">Descri\u00e7\u00e3o<\/div>\n<div style=\"--tw-border-spacing-x: 0;--tw-border-spacing-y: 0;--tw-translate-x: 0;--tw-translate-y: 0;--tw-rotate: 0;--tw-skew-x: 0;--tw-skew-y: 0;--tw-scale-x: 1;--tw-scale-y: 1;--tw-scroll-snap-strictness: proximity;--tw-ring-offset-width: 0px;--tw-ring-offset-color: #fff;--tw-ring-offset-shadow: 0 0 #0000;--tw-ring-shadow: 0 0 #0000;--tw-shadow: 0 0 #0000;--tw-shadow-colored: 0 0 #0000;color: #333333;font-family: 'Leroy Merlin Sans', ui-sans-serif, system-ui, -apple-system, BlinkMacSystemFont, 'Segoe UI', Roboto, 'Helvetica Neue', Arial, 'Noto Sans', sans-serif, 'Apple Color Emoji', 'Segoe UI Emoji', 'Segoe UI Symbol', 'Noto Color Emoji', Glyphs;font-size: 16px;font-style: normal;font-weight: 400;letter-spacing: normal;text-align: start;text-indent: 0px;text-transform: none;background-color: #ffffff;border: 0px solid currentcolor\" data-product-description=\"\" data-description=\"&lt;p&gt;Garanta mais eleg\u00e2ncia e beleza para seus ambientes internos secos ou \u00famidos com esta Porta Veneziana! Ela possui abertura de giro para o lado esquerdo, \u00e9 feita de alum\u00ednio pintado na cor branca e tem dimens\u00f5es de 2,1m x 0,8m.&lt;\/p&gt;\n\" data-rcl-status=\"success\"><\/p>\n<div>\n<div class=\"product-description-collapse\">\n<div>\n<p>Garanta mais eleg\u00e2ncia e beleza para seus ambientes internos secos ou \u00famidos com esta Porta Veneziana! Ela possui abertura de giro para o lado esquerdo, \u00e9 feita de alum\u00ednio pintado na cor branca .<\/p>\n<\/div>\n<\/div>\n<\/div>\n<\/div>\n","protected":false},"excerpt":{"rendered":"<p>Descri\u00e7\u00e3o Garanta mais eleg\u00e2ncia e beleza para seus ambientes internos secos ou \u00famidos com esta Porta Veneziana! Ela possui abertura&hellip;<\/p>\n","protected":false},"featured_media":1095,"template":"","meta":[],"product_cat":[17,53],"product_tag":[],"class_list":{"0":"post-1094","1":"product","2":"type-product","3":"status-publish","4":"has-post-thumbnail","6":"product_cat-banheiro","7":"product_cat-porta","9":"first","10":"instock","11":"shipping-taxable","12":"product-type-simple"},"_links":{"self":[{"href":"https:\/\/deposito.grupoboavistamg.com.br\/index.php?rest_route=\/wp\/v2\/product\/1094"}],"collection":[{"href":"https:\/\/deposito.grupoboavistamg.com.br\/index.php?rest_route=\/wp\/v2\/product"}],"about":[{"href":"https:\/\/deposito.grupoboavistamg.com.br\/index.php?rest_route=\/wp\/v2\/types\/product"}],"wp:featuredmedia":[{"embeddable":true,"href":"https:\/\/deposito.grupoboavistamg.com.br\/index.php?rest_route=\/wp\/v2\/media\/1095"}],"wp:attachment":[{"href":"https:\/\/deposito.grupoboavistamg.com.br\/index.php?rest_route=%2Fwp%2Fv2%2Fmedia&parent=1094"}],"wp:term":[{"taxonomy":"product_cat","embeddable":true,"href":"https:\/\/deposito.grupoboavistamg.com.br\/index.php?rest_route=%2Fwp%2Fv2%2Fproduct_cat&post=1094"},{"taxonomy":"product_tag","embeddable":true,"href":"https:\/\/deposito.grupoboavistamg.com.br\/index.php?rest_route=%2Fwp%2Fv2%2Fproduct_tag&post=1094"}],"curies":[{"name":"wp","href":"https:\/\/api.w.org\/{rel}","templated":true}]}}