{"id":1086,"date":"2024-09-13T18:16:32","date_gmt":"2024-09-13T18:16:32","guid":{"rendered":"https:\/\/deposito.grupoboavistamg.com.br\/?post_type=product&#038;p=1086"},"modified":"2024-09-13T18:16:32","modified_gmt":"2024-09-13T18:16:32","slug":"limpa-obra-concentrado-etaniz-1-litro-incobrame","status":"publish","type":"product","link":"https:\/\/deposito.grupoboavistamg.com.br\/?product=limpa-obra-concentrado-etaniz-1-litro-incobrame","title":{"rendered":"Limpa Obra Concentrado Etaniz 1 Litro &#8211; Incobrame"},"content":{"rendered":"<p><span class=\"sc-kpDqfm qhIEo\" data-testid=\"product-detail-title\">Limpa Obra Concentrado Etaniz 1 Litro 47040<\/span><\/p>\n<div class=\"sc-fqkvVR heuZyN sc-eGqbUM iJJQQV\" data-testid=\"product-detail-description\">\n<div class=\"sc-fqkvVR hlqElk sc-gwPoFG kVkROZ\" data-testid=\"rich-content-container\">\n<p>Descri\u00e7\u00e3o do Produto:<\/p>\n<p>O Limpa Obra Etaniz 1 Litro \u00e9 um poderoso detergente concentrado ideal para limpeza pesada em obras e constru\u00e7\u00f5es. Sua f\u00f3rmula eficaz remove sujeiras dif\u00edceis, como cimento, argamassa e res\u00edduos de tinta, deixando as superf\u00edcies limpas e brilhantes. F\u00e1cil de usar, proporciona resultados r\u00e1pidos e eficientes, garantindo um ambiente renovado e higienizado.<\/p>\n<\/div>\n<\/div>\n","protected":false},"excerpt":{"rendered":"<p>Limpa Obra Concentrado Etaniz 1 Litro 47040 Descri\u00e7\u00e3o do Produto: O Limpa Obra Etaniz 1 Litro \u00e9 um poderoso detergente&hellip;<\/p>\n","protected":false},"featured_media":1087,"template":"","meta":[],"product_cat":[15],"product_tag":[],"class_list":{"0":"post-1086","1":"product","2":"type-product","3":"status-publish","4":"has-post-thumbnail","6":"product_cat-sem-categoria","8":"first","9":"instock","10":"shipping-taxable","11":"product-type-simple"},"_links":{"self":[{"href":"https:\/\/deposito.grupoboavistamg.com.br\/index.php?rest_route=\/wp\/v2\/product\/1086"}],"collection":[{"href":"https:\/\/deposito.grupoboavistamg.com.br\/index.php?rest_route=\/wp\/v2\/product"}],"about":[{"href":"https:\/\/deposito.grupoboavistamg.com.br\/index.php?rest_route=\/wp\/v2\/types\/product"}],"wp:featuredmedia":[{"embeddable":true,"href":"https:\/\/deposito.grupoboavistamg.com.br\/index.php?rest_route=\/wp\/v2\/media\/1087"}],"wp:attachment":[{"href":"https:\/\/deposito.grupoboavistamg.com.br\/index.php?rest_route=%2Fwp%2Fv2%2Fmedia&parent=1086"}],"wp:term":[{"taxonomy":"product_cat","embeddable":true,"href":"https:\/\/deposito.grupoboavistamg.com.br\/index.php?rest_route=%2Fwp%2Fv2%2Fproduct_cat&post=1086"},{"taxonomy":"product_tag","embeddable":true,"href":"https:\/\/deposito.grupoboavistamg.com.br\/index.php?rest_route=%2Fwp%2Fv2%2Fproduct_tag&post=1086"}],"curies":[{"name":"wp","href":"https:\/\/api.w.org\/{rel}","templated":true}]}}