{"id":1069,"date":"2024-09-13T12:36:34","date_gmt":"2024-09-13T12:36:34","guid":{"rendered":"https:\/\/deposito.grupoboavistamg.com.br\/?post_type=product&#038;p=1069"},"modified":"2024-09-13T12:36:34","modified_gmt":"2024-09-13T12:36:34","slug":"sistema-nivelador-de-revestimento-dvg-precon","status":"publish","type":"product","link":"https:\/\/deposito.grupoboavistamg.com.br\/?product=sistema-nivelador-de-revestimento-dvg-precon","title":{"rendered":"Sistema Nivelador De Revestimento &#8211; DVG Precon"},"content":{"rendered":"<p>Espa\u00e7ador para nivelador de revestimento<br \/>\nIndicado para sem deixar rebarbas ou outro tipo de imperfei\u00e7\u00e3o.<br \/>\nUsado em conjunto com n\u00edvel de revestimento.<br \/>\nTamanhos Dispon\u00edveis: 1,0mm\/2,0mm\/3,0mm\/4,0mm<\/p>\n<p>Cor: Variadas<\/p>\n<p>Marca: CORTAG<\/p>\n<p>*Imagem meramente ilustrativa<\/p>\n","protected":false},"excerpt":{"rendered":"<p>Espa\u00e7ador para nivelador de revestimento Indicado para sem deixar rebarbas ou outro tipo de imperfei\u00e7\u00e3o. Usado em conjunto com n\u00edvel&hellip;<\/p>\n","protected":false},"featured_media":1073,"template":"","meta":[],"product_cat":[51,52],"product_tag":[],"class_list":{"0":"post-1069","1":"product","2":"type-product","3":"status-publish","4":"has-post-thumbnail","6":"product_cat-espacador","7":"product_cat-espacador-2","9":"first","10":"instock","11":"shipping-taxable","12":"product-type-simple"},"_links":{"self":[{"href":"https:\/\/deposito.grupoboavistamg.com.br\/index.php?rest_route=\/wp\/v2\/product\/1069"}],"collection":[{"href":"https:\/\/deposito.grupoboavistamg.com.br\/index.php?rest_route=\/wp\/v2\/product"}],"about":[{"href":"https:\/\/deposito.grupoboavistamg.com.br\/index.php?rest_route=\/wp\/v2\/types\/product"}],"wp:featuredmedia":[{"embeddable":true,"href":"https:\/\/deposito.grupoboavistamg.com.br\/index.php?rest_route=\/wp\/v2\/media\/1073"}],"wp:attachment":[{"href":"https:\/\/deposito.grupoboavistamg.com.br\/index.php?rest_route=%2Fwp%2Fv2%2Fmedia&parent=1069"}],"wp:term":[{"taxonomy":"product_cat","embeddable":true,"href":"https:\/\/deposito.grupoboavistamg.com.br\/index.php?rest_route=%2Fwp%2Fv2%2Fproduct_cat&post=1069"},{"taxonomy":"product_tag","embeddable":true,"href":"https:\/\/deposito.grupoboavistamg.com.br\/index.php?rest_route=%2Fwp%2Fv2%2Fproduct_tag&post=1069"}],"curies":[{"name":"wp","href":"https:\/\/api.w.org\/{rel}","templated":true}]}}