{"id":1059,"date":"2024-09-13T12:12:39","date_gmt":"2024-09-13T12:12:39","guid":{"rendered":"https:\/\/deposito.grupoboavistamg.com.br\/?post_type=product&#038;p=1059"},"modified":"2024-09-13T12:12:39","modified_gmt":"2024-09-13T12:12:39","slug":"esguicho-de-jardim-com-8-jatos-amanco","status":"publish","type":"product","link":"https:\/\/deposito.grupoboavistamg.com.br\/?product=esguicho-de-jardim-com-8-jatos-amanco","title":{"rendered":"Esguicho de Jardim com 8 Jatos &#8211; Amanco"},"content":{"rendered":"<p>Esguicho de Mangueira com 8 Jatos Amanco<\/p>\n<p>Esguicho Amanco Jardim Plastico 8 Jatos 8 tipos de jatos em um \u00fanico esguicho. Press\u00e3o: 0,5 bar at\u00e9 3,0 bar. Bitola 1\/2&#8243;. Haste em lat\u00e3o. Vantagens Cabo ergon\u00f4mico e emborrachado. Sistema de encaixe por Engate R\u00e1pido (ER), f\u00e1cil, pr\u00e1tico e evita desperd\u00edcio de \u00e1gua. Sistema de travamento do esguicho quando aberto. Diferencial da Linha As embalagens da linha possuem numera\u00e7\u00e3o correspondente \u00e0 pe\u00e7a utilizada nos esquemas de montagem. Basta seguir as numera\u00e7\u00f5es e instru\u00e7\u00f5es para montar sozinho o seu sistema. Tudo muito pr\u00e1tico e sem complica\u00e7\u00e3o.<\/p>\n<p>Dimens\u00f5es do produto: 25 x 20 x 6 cm; 300 g<\/p>\n","protected":false},"excerpt":{"rendered":"<p>Esguicho de Mangueira com 8 Jatos Amanco Esguicho Amanco Jardim Plastico 8 Jatos 8 tipos de jatos em um \u00fanico&hellip;<\/p>\n","protected":false},"featured_media":1060,"template":"","meta":[],"product_cat":[50],"product_tag":[],"class_list":{"0":"post-1059","1":"product","2":"type-product","3":"status-publish","4":"has-post-thumbnail","6":"product_cat-esguicho","8":"first","9":"instock","10":"shipping-taxable","11":"product-type-simple"},"_links":{"self":[{"href":"https:\/\/deposito.grupoboavistamg.com.br\/index.php?rest_route=\/wp\/v2\/product\/1059"}],"collection":[{"href":"https:\/\/deposito.grupoboavistamg.com.br\/index.php?rest_route=\/wp\/v2\/product"}],"about":[{"href":"https:\/\/deposito.grupoboavistamg.com.br\/index.php?rest_route=\/wp\/v2\/types\/product"}],"wp:featuredmedia":[{"embeddable":true,"href":"https:\/\/deposito.grupoboavistamg.com.br\/index.php?rest_route=\/wp\/v2\/media\/1060"}],"wp:attachment":[{"href":"https:\/\/deposito.grupoboavistamg.com.br\/index.php?rest_route=%2Fwp%2Fv2%2Fmedia&parent=1059"}],"wp:term":[{"taxonomy":"product_cat","embeddable":true,"href":"https:\/\/deposito.grupoboavistamg.com.br\/index.php?rest_route=%2Fwp%2Fv2%2Fproduct_cat&post=1059"},{"taxonomy":"product_tag","embeddable":true,"href":"https:\/\/deposito.grupoboavistamg.com.br\/index.php?rest_route=%2Fwp%2Fv2%2Fproduct_tag&post=1059"}],"curies":[{"name":"wp","href":"https:\/\/api.w.org\/{rel}","templated":true}]}}