{"id":1048,"date":"2024-09-13T12:07:05","date_gmt":"2024-09-13T12:07:05","guid":{"rendered":"https:\/\/deposito.grupoboavistamg.com.br\/?post_type=product&#038;p=1048"},"modified":"2024-09-13T12:07:05","modified_gmt":"2024-09-13T12:07:05","slug":"kit-de-ferramentas-com-3-pecas-tramontina-43409-107","status":"publish","type":"product","link":"https:\/\/deposito.grupoboavistamg.com.br\/?product=kit-de-ferramentas-com-3-pecas-tramontina-43409-107","title":{"rendered":"Kit de Ferramentas com 3 Pe\u00e7as &#8211; TRAMONTINA-43409\/107"},"content":{"rendered":"<p>Kit ferramentas com tr\u00eas pe\u00e7as composto por tr\u00eas alicates uma composi\u00e7\u00e3o variada que oferece versatilidade na utiliza\u00e7\u00e3o do dia a dia. Estes produtos n\u00e3o podem faltar na sua caixa de ferramentas.<\/p>\n<p>&#8211; Alicate Corte Diagonal 6&#8243; Isolado 1.000 V<br \/>\n&#8211; Alicate Universal 8&#8243; Isolado 1.000 V<br \/>\n&#8211; Alicate Bico Meia Cana 6&#8243; Isolado 1.000 V<\/p>\n","protected":false},"excerpt":{"rendered":"<p>Kit ferramentas com tr\u00eas pe\u00e7as composto por tr\u00eas alicates uma composi\u00e7\u00e3o variada que oferece versatilidade na utiliza\u00e7\u00e3o do dia a&hellip;<\/p>\n","protected":false},"featured_media":1051,"template":"","meta":[],"product_cat":[48],"product_tag":[],"class_list":{"0":"post-1048","1":"product","2":"type-product","3":"status-publish","4":"has-post-thumbnail","6":"product_cat-alicate","8":"first","9":"instock","10":"shipping-taxable","11":"product-type-simple"},"_links":{"self":[{"href":"https:\/\/deposito.grupoboavistamg.com.br\/index.php?rest_route=\/wp\/v2\/product\/1048"}],"collection":[{"href":"https:\/\/deposito.grupoboavistamg.com.br\/index.php?rest_route=\/wp\/v2\/product"}],"about":[{"href":"https:\/\/deposito.grupoboavistamg.com.br\/index.php?rest_route=\/wp\/v2\/types\/product"}],"wp:featuredmedia":[{"embeddable":true,"href":"https:\/\/deposito.grupoboavistamg.com.br\/index.php?rest_route=\/wp\/v2\/media\/1051"}],"wp:attachment":[{"href":"https:\/\/deposito.grupoboavistamg.com.br\/index.php?rest_route=%2Fwp%2Fv2%2Fmedia&parent=1048"}],"wp:term":[{"taxonomy":"product_cat","embeddable":true,"href":"https:\/\/deposito.grupoboavistamg.com.br\/index.php?rest_route=%2Fwp%2Fv2%2Fproduct_cat&post=1048"},{"taxonomy":"product_tag","embeddable":true,"href":"https:\/\/deposito.grupoboavistamg.com.br\/index.php?rest_route=%2Fwp%2Fv2%2Fproduct_tag&post=1048"}],"curies":[{"name":"wp","href":"https:\/\/api.w.org\/{rel}","templated":true}]}}