{"id":1042,"date":"2024-09-13T11:55:25","date_gmt":"2024-09-13T11:55:25","guid":{"rendered":"https:\/\/deposito.grupoboavistamg.com.br\/?post_type=product&#038;p=1042"},"modified":"2024-09-13T11:55:25","modified_gmt":"2024-09-13T11:55:25","slug":"macarico-a-gas-portatil-ia20-bestfer","status":"publish","type":"product","link":"https:\/\/deposito.grupoboavistamg.com.br\/?product=macarico-a-gas-portatil-ia20-bestfer","title":{"rendered":"Ma\u00e7arico a g\u00e1s port\u00e1til IA20 &#8211; Bestfer"},"content":{"rendered":"<p>Ma\u00e7arico a G\u00e1s Port\u00e1til Acendimento Autom\u00e1tico Bestfer IA20<\/p>\n<p>Indicado para flambar, dourar, caramelizar, adicionar cores e texturas a alimentos e acender fogueiras e churrasqueiras. Tamb\u00e9m pode ser utilizado para descongelar ou aquecer tubos e canos d&#8217;\u00e1gua.<\/p>\n<p>Caracter\u00edsticas:<\/p>\n<p>&#8211; Ma\u00e7arico a g\u00e1s com acendimento autom\u00e1tico por m\u00f3dulo de Igni\u00e7\u00e3o.<br \/>\n&#8211; Ma\u00e7arico Multi-Uso.<br \/>\n&#8211; Chama Azul chegando at\u00e9 1300\u00b0c.<br \/>\n&#8211; Gatilho de acendimento autom\u00e1tico.<br \/>\n&#8211; Bot\u00e3o de controle de volume\/sa\u00edda do g\u00e1s.<\/p>\n","protected":false},"excerpt":{"rendered":"<p>Ma\u00e7arico a G\u00e1s Port\u00e1til Acendimento Autom\u00e1tico Bestfer IA20 Indicado para flambar, dourar, caramelizar, adicionar cores e texturas a alimentos e&hellip;<\/p>\n","protected":false},"featured_media":1047,"template":"","meta":[],"product_cat":[15],"product_tag":[],"class_list":{"0":"post-1042","1":"product","2":"type-product","3":"status-publish","4":"has-post-thumbnail","6":"product_cat-sem-categoria","8":"first","9":"instock","10":"shipping-taxable","11":"product-type-simple"},"_links":{"self":[{"href":"https:\/\/deposito.grupoboavistamg.com.br\/index.php?rest_route=\/wp\/v2\/product\/1042"}],"collection":[{"href":"https:\/\/deposito.grupoboavistamg.com.br\/index.php?rest_route=\/wp\/v2\/product"}],"about":[{"href":"https:\/\/deposito.grupoboavistamg.com.br\/index.php?rest_route=\/wp\/v2\/types\/product"}],"wp:featuredmedia":[{"embeddable":true,"href":"https:\/\/deposito.grupoboavistamg.com.br\/index.php?rest_route=\/wp\/v2\/media\/1047"}],"wp:attachment":[{"href":"https:\/\/deposito.grupoboavistamg.com.br\/index.php?rest_route=%2Fwp%2Fv2%2Fmedia&parent=1042"}],"wp:term":[{"taxonomy":"product_cat","embeddable":true,"href":"https:\/\/deposito.grupoboavistamg.com.br\/index.php?rest_route=%2Fwp%2Fv2%2Fproduct_cat&post=1042"},{"taxonomy":"product_tag","embeddable":true,"href":"https:\/\/deposito.grupoboavistamg.com.br\/index.php?rest_route=%2Fwp%2Fv2%2Fproduct_tag&post=1042"}],"curies":[{"name":"wp","href":"https:\/\/api.w.org\/{rel}","templated":true}]}}