{"id":1030,"date":"2024-09-11T17:51:55","date_gmt":"2024-09-11T17:51:55","guid":{"rendered":"https:\/\/deposito.grupoboavistamg.com.br\/?post_type=product&#038;p=1030"},"modified":"2024-09-11T17:51:55","modified_gmt":"2024-09-11T17:51:55","slug":"rebolo-diamantado-turbo-e-segmentado-115mm-mtx","status":"publish","type":"product","link":"https:\/\/deposito.grupoboavistamg.com.br\/?product=rebolo-diamantado-turbo-e-segmentado-115mm-mtx","title":{"rendered":"Rebolo Diamantado Turbo e Segmentado 115mm MTX"},"content":{"rendered":"<p>O Rebolo Diamantado Turbo e Segmentado 115mm MTX \u00e9 ideal para quem necessita realizar trabalhos de lixar e polir materiais mais r\u00edgidos como granito, m\u00e1rmore e pedras de diferentes tipos! F\u00e1cil de usar, ele \u00e9 compat\u00edvel com diversas m\u00e1quinas de moto esmeril.<\/p>\n","protected":false},"excerpt":{"rendered":"<p>O Rebolo Diamantado Turbo e Segmentado 115mm MTX \u00e9 ideal para quem necessita realizar trabalhos de lixar e polir materiais&hellip;<\/p>\n","protected":false},"featured_media":1035,"template":"","meta":[],"product_cat":[49],"product_tag":[],"class_list":{"0":"post-1030","1":"product","2":"type-product","3":"status-publish","4":"has-post-thumbnail","6":"product_cat-lixa","8":"first","9":"instock","10":"shipping-taxable","11":"product-type-simple"},"_links":{"self":[{"href":"https:\/\/deposito.grupoboavistamg.com.br\/index.php?rest_route=\/wp\/v2\/product\/1030"}],"collection":[{"href":"https:\/\/deposito.grupoboavistamg.com.br\/index.php?rest_route=\/wp\/v2\/product"}],"about":[{"href":"https:\/\/deposito.grupoboavistamg.com.br\/index.php?rest_route=\/wp\/v2\/types\/product"}],"wp:featuredmedia":[{"embeddable":true,"href":"https:\/\/deposito.grupoboavistamg.com.br\/index.php?rest_route=\/wp\/v2\/media\/1035"}],"wp:attachment":[{"href":"https:\/\/deposito.grupoboavistamg.com.br\/index.php?rest_route=%2Fwp%2Fv2%2Fmedia&parent=1030"}],"wp:term":[{"taxonomy":"product_cat","embeddable":true,"href":"https:\/\/deposito.grupoboavistamg.com.br\/index.php?rest_route=%2Fwp%2Fv2%2Fproduct_cat&post=1030"},{"taxonomy":"product_tag","embeddable":true,"href":"https:\/\/deposito.grupoboavistamg.com.br\/index.php?rest_route=%2Fwp%2Fv2%2Fproduct_tag&post=1030"}],"curies":[{"name":"wp","href":"https:\/\/api.w.org\/{rel}","templated":true}]}}