{"id":1024,"date":"2024-09-11T17:32:38","date_gmt":"2024-09-11T17:32:38","guid":{"rendered":"https:\/\/deposito.grupoboavistamg.com.br\/?post_type=product&#038;p=1024"},"modified":"2024-09-11T17:32:38","modified_gmt":"2024-09-11T17:32:38","slug":"multimetro-digital-com-alicate-amperimetro-fx-aa","status":"publish","type":"product","link":"https:\/\/deposito.grupoboavistamg.com.br\/?product=multimetro-digital-com-alicate-amperimetro-fx-aa","title":{"rendered":"Mult\u00edmetro Digital Com Alicate Amper\u00edmetro FX-AA"},"content":{"rendered":"<p>O Mult\u00edmetro Digital com Alicate Amper\u00edmetro Foxlux realiza a medi\u00e7\u00e3o de correntes, tens\u00e3o, resist\u00eancia e continuidade.<\/p>\n","protected":false},"excerpt":{"rendered":"<p>O Mult\u00edmetro Digital com Alicate Amper\u00edmetro Foxlux realiza a medi\u00e7\u00e3o de correntes, tens\u00e3o, resist\u00eancia e continuidade.<\/p>\n","protected":false},"featured_media":1025,"template":"","meta":[],"product_cat":[48],"product_tag":[],"class_list":{"0":"post-1024","1":"product","2":"type-product","3":"status-publish","4":"has-post-thumbnail","6":"product_cat-alicate","8":"first","9":"instock","10":"shipping-taxable","11":"product-type-simple"},"_links":{"self":[{"href":"https:\/\/deposito.grupoboavistamg.com.br\/index.php?rest_route=\/wp\/v2\/product\/1024"}],"collection":[{"href":"https:\/\/deposito.grupoboavistamg.com.br\/index.php?rest_route=\/wp\/v2\/product"}],"about":[{"href":"https:\/\/deposito.grupoboavistamg.com.br\/index.php?rest_route=\/wp\/v2\/types\/product"}],"wp:featuredmedia":[{"embeddable":true,"href":"https:\/\/deposito.grupoboavistamg.com.br\/index.php?rest_route=\/wp\/v2\/media\/1025"}],"wp:attachment":[{"href":"https:\/\/deposito.grupoboavistamg.com.br\/index.php?rest_route=%2Fwp%2Fv2%2Fmedia&parent=1024"}],"wp:term":[{"taxonomy":"product_cat","embeddable":true,"href":"https:\/\/deposito.grupoboavistamg.com.br\/index.php?rest_route=%2Fwp%2Fv2%2Fproduct_cat&post=1024"},{"taxonomy":"product_tag","embeddable":true,"href":"https:\/\/deposito.grupoboavistamg.com.br\/index.php?rest_route=%2Fwp%2Fv2%2Fproduct_tag&post=1024"}],"curies":[{"name":"wp","href":"https:\/\/api.w.org\/{rel}","templated":true}]}}